{"id":3568,"date":"2017-10-06T05:59:35","date_gmt":"2017-10-06T03:59:35","guid":{"rendered":"https:\/\/napoleon.open-ideas.info\/home\/"},"modified":"2022-01-18T13:47:26","modified_gmt":"2022-01-18T12:47:26","slug":"home","status":"publish","type":"page","link":"https:\/\/napoleon.visitcoruna.com\/en\/","title":{"rendered":"Home"},"content":{"rendered":"\r\n<h1>\r\n\t\tTHE SAGA OF THE PURSUIT BETWEEN THE TROOPS OF NAPOLEON BONAPARTE AND THE BRITISH ARMY IN GALICIA\r\n\t<\/h1>\r\n\t\t\t<h1>Coru\u00f1a<\/h1>\r\n\t\t\t\t<p>Coru\u00f1a, Coru\u00f1a, Coru\u00f1a repeated in their dreams thousands of men who for three months chased each other in the long winter of 1808. Always heading to Coru\u00f1a.<\/p>\r\n\t\t\t<a href=\"https:\/\/napoleon.visitcoruna.com\/en\/history\/#the-origins\" target=\"_self\" role=\"button\" aria-label=\"Read more\" rel=\"noopener\">\r\n\t\t\t\t\t\t\tRead more\r\n\t\t<\/a>\r\n\t<iframe allowfullscreen allow=\"autoplay\" data-src=\"https:\/\/www.youtube.com\/embed\/mZsD1TNV62I?feature=oembed&amp;start&amp;end&amp;wmode=opaque&amp;loop=0&amp;controls=1&amp;mute=0&amp;rel=0&amp;modestbranding=0\"><\/iframe>\t\t\r\n\t\t\t\t\tPlay Video\r\n\t\t\t<h1>JOHN MOORE<\/h1>\r\n\t\t\t\t<p>The echoes of that campaign where Napoleon Bonaparte relentlessly pursued the English army and General John Moore, who died in our city and whose tomb in the Gardens of San Carlos is a reminder of a war that marked the destiny of Europe, is forever enshrined in history and legend.<\/p>\r\n\t\t\t<a href=\"https:\/\/napoleon.visitcoruna.com\/en\/history\/#The-impact-on-Spain\" target=\"_self\" role=\"button\" aria-label=\"Read more\" rel=\"noopener\">\r\n\t\t\t\t\t\t\tRead more\r\n\t\t<\/a>\r\n\r\n","protected":false},"excerpt":{"rendered":"<p>THE SAGA OF THE PURSUIT BETWEEN THE TROOPS OF NAPOLEON BONAPARTE AND THE BRITISH ARMY IN GALICIA Coru\u00f1a Coru\u00f1a, Coru\u00f1a, Coru\u00f1a repeated in their dreams thousands of men who for three months chased each other in the long winter of 1808. Always heading to Coru\u00f1a. Read more Play Video JOHN MOORE The echoes of that [&hellip;]<\/p>\n","protected":false},"author":2,"featured_media":0,"parent":0,"menu_order":0,"comment_status":"closed","ping_status":"closed","template":"","meta":{"site-sidebar-layout":"no-sidebar","site-content-layout":"page-builder","ast-site-content-layout":"default","site-content-style":"default","site-sidebar-style":"default","ast-global-header-display":"","ast-banner-title-visibility":"","ast-main-header-display":"","ast-hfb-above-header-display":"","ast-hfb-below-header-display":"","ast-hfb-mobile-header-display":"","site-post-title":"disabled","ast-breadcrumbs-content":"","ast-featured-img":"disabled","footer-sml-layout":"","theme-transparent-header-meta":"enabled","adv-header-id-meta":"","stick-header-meta":"default","header-above-stick-meta":"","header-main-stick-meta":"","header-below-stick-meta":"","astra-migrate-meta-layouts":"default","ast-page-background-enabled":"default","ast-page-background-meta":{"desktop":{"background-color":"","background-image":"","background-repeat":"repeat","background-position":"center center","background-size":"auto","background-attachment":"scroll","background-type":"","background-media":"","overlay-type":"","overlay-color":"","overlay-opacity":"","overlay-gradient":""},"tablet":{"background-color":"","background-image":"","background-repeat":"repeat","background-position":"center center","background-size":"auto","background-attachment":"scroll","background-type":"","background-media":"","overlay-type":"","overlay-color":"","overlay-opacity":"","overlay-gradient":""},"mobile":{"background-color":"","background-image":"","background-repeat":"repeat","background-position":"center center","background-size":"auto","background-attachment":"scroll","background-type":"","background-media":"","overlay-type":"","overlay-color":"","overlay-opacity":"","overlay-gradient":""}},"ast-content-background-meta":{"desktop":{"background-color":"var(--ast-global-color-5)","background-image":"","background-repeat":"repeat","background-position":"center center","background-size":"auto","background-attachment":"scroll","background-type":"","background-media":"","overlay-type":"","overlay-color":"","overlay-opacity":"","overlay-gradient":""},"tablet":{"background-color":"var(--ast-global-color-5)","background-image":"","background-repeat":"repeat","background-position":"center center","background-size":"auto","background-attachment":"scroll","background-type":"","background-media":"","overlay-type":"","overlay-color":"","overlay-opacity":"","overlay-gradient":""},"mobile":{"background-color":"var(--ast-global-color-5)","background-image":"","background-repeat":"repeat","background-position":"center center","background-size":"auto","background-attachment":"scroll","background-type":"","background-media":"","overlay-type":"","overlay-color":"","overlay-opacity":"","overlay-gradient":""}}},"yoast_head":"<!-- This site is optimized with the Yoast SEO plugin v17.9 - https:\/\/yoast.com\/wordpress\/plugins\/seo\/ -->\n<title>The chase by Napoleon Bonaparte\u2019s troops in Galicia<\/title>\n<meta name=\"description\" content=\"Learn the epic tale of the feats of Napoleon Bonaparte&#039;s army chasing the British army in Galicia. Always heading to Coru\u00f1a.\" \/>\n<meta name=\"robots\" content=\"index, follow, max-snippet:-1, max-image-preview:large, max-video-preview:-1\" \/>\n<link rel=\"canonical\" href=\"https:\/\/napoleon.visitcoruna.com\/en\/\" \/>\n<meta property=\"og:locale\" content=\"en_US\" \/>\n<meta property=\"og:type\" content=\"article\" \/>\n<meta property=\"og:title\" content=\"The chase by Napoleon Bonaparte\u2019s troops in Galicia\" \/>\n<meta property=\"og:description\" content=\"Learn the epic tale of the feats of Napoleon Bonaparte&#039;s army chasing the British army in Galicia. Always heading to Coru\u00f1a.\" \/>\n<meta property=\"og:url\" content=\"https:\/\/napoleon.visitcoruna.com\/en\/\" \/>\n<meta property=\"og:site_name\" content=\"Napoleon Sir John Moore Coru\u00f1a Historical Route\" \/>\n<meta property=\"article:modified_time\" content=\"2022-01-18T12:47:26+00:00\" \/>\n<meta name=\"twitter:card\" content=\"summary\" \/>\n<meta name=\"twitter:label1\" content=\"Est. reading time\" \/>\n\t<meta name=\"twitter:data1\" content=\"1 minute\" \/>\n<script type=\"application\/ld+json\" class=\"yoast-schema-graph\">{\"@context\":\"https:\/\/schema.org\",\"@graph\":[{\"@type\":\"WebSite\",\"@id\":\"https:\/\/napoleon.visitcoruna.com\/#website\",\"url\":\"https:\/\/napoleon.visitcoruna.com\/\",\"name\":\"Napoleon Sir John Moore Coru\\u00f1a Historical Route\",\"description\":\"Points of tourist interest in A Coru\\u00f1a during the Napoleonic era and the war of independence\",\"potentialAction\":[{\"@type\":\"SearchAction\",\"target\":{\"@type\":\"EntryPoint\",\"urlTemplate\":\"https:\/\/napoleon.visitcoruna.com\/?s={search_term_string}\"},\"query-input\":\"required name=search_term_string\"}],\"inLanguage\":\"en-US\"},{\"@type\":\"WebPage\",\"@id\":\"https:\/\/napoleon.visitcoruna.com\/en\/#webpage\",\"url\":\"https:\/\/napoleon.visitcoruna.com\/en\/\",\"name\":\"The chase by Napoleon Bonaparte\\u2019s troops in Galicia\",\"isPartOf\":{\"@id\":\"https:\/\/napoleon.visitcoruna.com\/#website\"},\"datePublished\":\"2017-10-06T03:59:35+00:00\",\"dateModified\":\"2022-01-18T12:47:26+00:00\",\"description\":\"Learn the epic tale of the feats of Napoleon Bonaparte's army chasing the British army in Galicia. Always heading to Coru\\u00f1a.\",\"breadcrumb\":{\"@id\":\"https:\/\/napoleon.visitcoruna.com\/en\/#breadcrumb\"},\"inLanguage\":\"en-US\",\"potentialAction\":[{\"@type\":\"ReadAction\",\"target\":[\"https:\/\/napoleon.visitcoruna.com\/en\/\"]}]},{\"@type\":\"BreadcrumbList\",\"@id\":\"https:\/\/napoleon.visitcoruna.com\/en\/#breadcrumb\",\"itemListElement\":[{\"@type\":\"ListItem\",\"position\":1,\"name\":\"Portada\",\"item\":\"https:\/\/napoleon.visitcoruna.com\/en\/\"},{\"@type\":\"ListItem\",\"position\":2,\"name\":\"Home\"}]}]}<\/script>\n<!-- \/ Yoast SEO plugin. -->","yoast_head_json":{"title":"The chase by Napoleon Bonaparte\u2019s troops in Galicia","description":"Learn the epic tale of the feats of Napoleon Bonaparte's army chasing the British army in Galicia. Always heading to Coru\u00f1a.","robots":{"index":"index","follow":"follow","max-snippet":"max-snippet:-1","max-image-preview":"max-image-preview:large","max-video-preview":"max-video-preview:-1"},"canonical":"https:\/\/napoleon.visitcoruna.com\/en\/","og_locale":"en_US","og_type":"article","og_title":"The chase by Napoleon Bonaparte\u2019s troops in Galicia","og_description":"Learn the epic tale of the feats of Napoleon Bonaparte's army chasing the British army in Galicia. Always heading to Coru\u00f1a.","og_url":"https:\/\/napoleon.visitcoruna.com\/en\/","og_site_name":"Napoleon Sir John Moore Coru\u00f1a Historical Route","article_modified_time":"2022-01-18T12:47:26+00:00","twitter_card":"summary","twitter_misc":{"Est. reading time":"1 minute"},"schema":{"@context":"https:\/\/schema.org","@graph":[{"@type":"WebSite","@id":"https:\/\/napoleon.visitcoruna.com\/#website","url":"https:\/\/napoleon.visitcoruna.com\/","name":"Napoleon Sir John Moore Coru\u00f1a Historical Route","description":"Points of tourist interest in A Coru\u00f1a during the Napoleonic era and the war of independence","potentialAction":[{"@type":"SearchAction","target":{"@type":"EntryPoint","urlTemplate":"https:\/\/napoleon.visitcoruna.com\/?s={search_term_string}"},"query-input":"required name=search_term_string"}],"inLanguage":"en-US"},{"@type":"WebPage","@id":"https:\/\/napoleon.visitcoruna.com\/en\/#webpage","url":"https:\/\/napoleon.visitcoruna.com\/en\/","name":"The chase by Napoleon Bonaparte\u2019s troops in Galicia","isPartOf":{"@id":"https:\/\/napoleon.visitcoruna.com\/#website"},"datePublished":"2017-10-06T03:59:35+00:00","dateModified":"2022-01-18T12:47:26+00:00","description":"Learn the epic tale of the feats of Napoleon Bonaparte's army chasing the British army in Galicia. Always heading to Coru\u00f1a.","breadcrumb":{"@id":"https:\/\/napoleon.visitcoruna.com\/en\/#breadcrumb"},"inLanguage":"en-US","potentialAction":[{"@type":"ReadAction","target":["https:\/\/napoleon.visitcoruna.com\/en\/"]}]},{"@type":"BreadcrumbList","@id":"https:\/\/napoleon.visitcoruna.com\/en\/#breadcrumb","itemListElement":[{"@type":"ListItem","position":1,"name":"Portada","item":"https:\/\/napoleon.visitcoruna.com\/en\/"},{"@type":"ListItem","position":2,"name":"Home"}]}]}},"_links":{"self":[{"href":"https:\/\/napoleon.visitcoruna.com\/en\/wp-json\/wp\/v2\/pages\/3568"}],"collection":[{"href":"https:\/\/napoleon.visitcoruna.com\/en\/wp-json\/wp\/v2\/pages"}],"about":[{"href":"https:\/\/napoleon.visitcoruna.com\/en\/wp-json\/wp\/v2\/types\/page"}],"author":[{"embeddable":true,"href":"https:\/\/napoleon.visitcoruna.com\/en\/wp-json\/wp\/v2\/users\/2"}],"replies":[{"embeddable":true,"href":"https:\/\/napoleon.visitcoruna.com\/en\/wp-json\/wp\/v2\/comments?post=3568"}],"version-history":[{"count":2,"href":"https:\/\/napoleon.visitcoruna.com\/en\/wp-json\/wp\/v2\/pages\/3568\/revisions"}],"predecessor-version":[{"id":3802,"href":"https:\/\/napoleon.visitcoruna.com\/en\/wp-json\/wp\/v2\/pages\/3568\/revisions\/3802"}],"wp:attachment":[{"href":"https:\/\/napoleon.visitcoruna.com\/en\/wp-json\/wp\/v2\/media?parent=3568"}],"curies":[{"name":"wp","href":"https:\/\/api.w.org\/{rel}","templated":true}]}}