{"id":3600,"date":"2021-12-03T23:16:35","date_gmt":"2021-12-03T22:16:35","guid":{"rendered":"https:\/\/napoleon.open-ideas.info\/bibliografia\/"},"modified":"2022-01-18T14:02:18","modified_gmt":"2022-01-18T13:02:18","slug":"bibliography","status":"publish","type":"page","link":"https:\/\/napoleon.visitcoruna.com\/en\/bibliography\/","title":{"rendered":"Bibliography"},"content":{"rendered":"\r\n\r\n\t\t\t<h1>Bibliography<\/h1>\t\t\t\r\n\t<ul>\r\n\t\t<li><h3>1. Napole\u00f3n vs Moore<\/h3><p>Francisco Vela Santiago<\/p><\/li><li><h3>2. Sir John Moore. The Making of a Hero<\/h3>Janet Macdonald<\/li><li><h3>3. La Guerra de Independencia<\/h3>Enrique Mart\u00ednez Ruiz<\/li><li><h3>4.\tDos d\u00edas de Mayo<\/h3>Francisco Vela Santiago<\/li><li><h3>5. El testamento y el misterio de la muerte de Napole\u00f3n Bonaparte<\/h3>Manuel Arenas Roca<\/li><li><h3>6. Napole\u00f3n sa vie, ses batailles, son empire<\/h3>David Chanteranne<\/li><li><h3>7. Atlas Ilustrado de la Guerra de Independencia<\/h3>Mariano Gonz\u00e1lez Clavero<\/li><li><h3>8.\tEl sepulcro de Moore<\/h3>J.P Vicenti<\/li><li><h3>9.\tNapole\u00f3n<\/h3>Jean Mistler<\/li><li><h3>10.\tNapole\u00f3n en Chamart\u00edn<\/h3>Benito Perez Galdos<\/li><li><h3>11.\tNelson and Napole\u00f3n<\/h3>Christopher Lee<\/li><li><h3>12.\tNapole\u00f3n<\/h3>Carine Chirac Marinier<\/li><li><h3>13. Memorias de Napole\u00f3n<\/h3>Napole\u00f3n Bonaparte<\/li><li><h3>14. Napole\u00f3n<\/h3>Emil Ludwig<\/li><li><h3>15. Las campa\u00f1as de Napole\u00f3n<\/h3>David Chandler<\/li>\t<\/ul>\r\n\t<ul>\r\n\t\t<li><h3>16.\tNapole\u00f3n<\/h3><p>Geoffrey Ellis<\/p><\/li><li><h3>17.\tNapole\u00f3n<\/h3>Andr\u00e9 Maurois<\/li><li><h3>18.\tLa pir\u00e1mide Inmortal<\/h3>Javier Sierra<\/li><li><h3>19.\tNapole\u00f3n en Egipto<\/h3>Paul Strathern<\/li><li><h3>20.\tLa Revoluci\u00f3n Francesa<\/h3>Michel Vovelle<\/li><li><h3>21.\tLa Revoluci\u00f3n Francesa<\/h3>I\u00f1igo Bolinaga<\/li><li><h3>22.\tFouch\u00e9<\/h3>Stefan Zweig<\/li><li><h3>23.\tNapole\u00f3n<\/h3>Marcel D&#8217;Isard<\/li><li><h3>24.\tNapole\u00f3n<\/h3>Javier de Juan<\/li><li><h3>25. El Sepulcro de Moore<\/h3>J.P. Vicenti<\/li><li><h3>26. Reina de Oriente, Leyenda de la Coru\u00f1a<\/h3>Mark Guscin<\/li><li><h3>27. Los Ej\u00e9rcitos Gallegos contra Napole\u00f3n en la Guerra de la Independencia<\/h3>Jos\u00e9 Navas Ram\u00edrez-Cruzado<\/li><li><h3>28. Moore (1761-1809)<\/h3>Mark Zbigniew Guscin<\/li><li><h3>29. Memorias de las Operaciones Militares de los Franceses en Galicia, Portugal y el Valle del Tajo en 1809<\/h3>Pierre Le Noble<\/li>\t<\/ul>\r\n\r\n","protected":false},"excerpt":{"rendered":"<p>Bibliography 1. Napole\u00f3n vs Moore Francisco Vela Santiago 2. Sir John Moore. The Making of a Hero Janet Macdonald 3. La Guerra de Independencia Enrique Mart\u00ednez Ruiz 4. Dos d\u00edas de Mayo Francisco Vela Santiago 5. El testamento y el misterio de la muerte de Napole\u00f3n Bonaparte Manuel Arenas Roca 6. Napole\u00f3n sa vie, ses [&hellip;]<\/p>\n","protected":false},"author":2,"featured_media":0,"parent":0,"menu_order":0,"comment_status":"closed","ping_status":"closed","template":"","meta":{"site-sidebar-layout":"no-sidebar","site-content-layout":"page-builder","ast-site-content-layout":"default","site-content-style":"default","site-sidebar-style":"default","ast-global-header-display":"","ast-banner-title-visibility":"","ast-main-header-display":"","ast-hfb-above-header-display":"","ast-hfb-below-header-display":"","ast-hfb-mobile-header-display":"","site-post-title":"disabled","ast-breadcrumbs-content":"","ast-featured-img":"disabled","footer-sml-layout":"","theme-transparent-header-meta":"enabled","adv-header-id-meta":"","stick-header-meta":"default","header-above-stick-meta":"","header-main-stick-meta":"","header-below-stick-meta":"","astra-migrate-meta-layouts":"default","ast-page-background-enabled":"default","ast-page-background-meta":{"desktop":{"background-color":"","background-image":"","background-repeat":"repeat","background-position":"center center","background-size":"auto","background-attachment":"scroll","background-type":"","background-media":"","overlay-type":"","overlay-color":"","overlay-opacity":"","overlay-gradient":""},"tablet":{"background-color":"","background-image":"","background-repeat":"repeat","background-position":"center center","background-size":"auto","background-attachment":"scroll","background-type":"","background-media":"","overlay-type":"","overlay-color":"","overlay-opacity":"","overlay-gradient":""},"mobile":{"background-color":"","background-image":"","background-repeat":"repeat","background-position":"center center","background-size":"auto","background-attachment":"scroll","background-type":"","background-media":"","overlay-type":"","overlay-color":"","overlay-opacity":"","overlay-gradient":""}},"ast-content-background-meta":{"desktop":{"background-color":"var(--ast-global-color-5)","background-image":"","background-repeat":"repeat","background-position":"center center","background-size":"auto","background-attachment":"scroll","background-type":"","background-media":"","overlay-type":"","overlay-color":"","overlay-opacity":"","overlay-gradient":""},"tablet":{"background-color":"var(--ast-global-color-5)","background-image":"","background-repeat":"repeat","background-position":"center center","background-size":"auto","background-attachment":"scroll","background-type":"","background-media":"","overlay-type":"","overlay-color":"","overlay-opacity":"","overlay-gradient":""},"mobile":{"background-color":"var(--ast-global-color-5)","background-image":"","background-repeat":"repeat","background-position":"center center","background-size":"auto","background-attachment":"scroll","background-type":"","background-media":"","overlay-type":"","overlay-color":"","overlay-opacity":"","overlay-gradient":""}}},"yoast_head":"<!-- This site is optimized with the Yoast SEO plugin v17.9 - https:\/\/yoast.com\/wordpress\/plugins\/seo\/ -->\n<title>Bibliography Napoleon. War of Independence in Galicia and Coru\u00f1a.<\/title>\n<meta name=\"description\" content=\"This section includes the list of bibliographic sources on the chase by Napoleon Bonaparte&#039;s troops of the British army in Galicia\" \/>\n<meta name=\"robots\" content=\"index, follow, max-snippet:-1, max-image-preview:large, max-video-preview:-1\" \/>\n<link rel=\"canonical\" href=\"https:\/\/napoleon.visitcoruna.com\/en\/bibliography\/\" \/>\n<meta property=\"og:locale\" content=\"en_US\" \/>\n<meta property=\"og:type\" content=\"article\" \/>\n<meta property=\"og:title\" content=\"Bibliography Napoleon. War of Independence in Galicia and Coru\u00f1a.\" \/>\n<meta property=\"og:description\" content=\"This section includes the list of bibliographic sources on the chase by Napoleon Bonaparte&#039;s troops of the British army in Galicia\" \/>\n<meta property=\"og:url\" content=\"https:\/\/napoleon.visitcoruna.com\/en\/bibliography\/\" \/>\n<meta property=\"og:site_name\" content=\"Napoleon Sir John Moore Coru\u00f1a Historical Route\" \/>\n<meta property=\"article:modified_time\" content=\"2022-01-18T13:02:18+00:00\" \/>\n<meta name=\"twitter:card\" content=\"summary\" \/>\n<meta name=\"twitter:label1\" content=\"Est. reading time\" \/>\n\t<meta name=\"twitter:data1\" content=\"1 minute\" \/>\n<script type=\"application\/ld+json\" class=\"yoast-schema-graph\">{\"@context\":\"https:\/\/schema.org\",\"@graph\":[{\"@type\":\"WebSite\",\"@id\":\"https:\/\/napoleon.visitcoruna.com\/#website\",\"url\":\"https:\/\/napoleon.visitcoruna.com\/\",\"name\":\"Napoleon Sir John Moore Coru\\u00f1a Historical Route\",\"description\":\"Points of tourist interest in A Coru\\u00f1a during the Napoleonic era and the war of independence\",\"potentialAction\":[{\"@type\":\"SearchAction\",\"target\":{\"@type\":\"EntryPoint\",\"urlTemplate\":\"https:\/\/napoleon.visitcoruna.com\/?s={search_term_string}\"},\"query-input\":\"required name=search_term_string\"}],\"inLanguage\":\"en-US\"},{\"@type\":\"WebPage\",\"@id\":\"https:\/\/napoleon.visitcoruna.com\/en\/bibliography\/#webpage\",\"url\":\"https:\/\/napoleon.visitcoruna.com\/en\/bibliography\/\",\"name\":\"Bibliography Napoleon. War of Independence in Galicia and Coru\\u00f1a.\",\"isPartOf\":{\"@id\":\"https:\/\/napoleon.visitcoruna.com\/#website\"},\"datePublished\":\"2021-12-03T22:16:35+00:00\",\"dateModified\":\"2022-01-18T13:02:18+00:00\",\"description\":\"This section includes the list of bibliographic sources on the chase by Napoleon Bonaparte's troops of the British army in Galicia\",\"breadcrumb\":{\"@id\":\"https:\/\/napoleon.visitcoruna.com\/en\/bibliography\/#breadcrumb\"},\"inLanguage\":\"en-US\",\"potentialAction\":[{\"@type\":\"ReadAction\",\"target\":[\"https:\/\/napoleon.visitcoruna.com\/en\/bibliography\/\"]}]},{\"@type\":\"BreadcrumbList\",\"@id\":\"https:\/\/napoleon.visitcoruna.com\/en\/bibliography\/#breadcrumb\",\"itemListElement\":[{\"@type\":\"ListItem\",\"position\":1,\"name\":\"Portada\",\"item\":\"https:\/\/napoleon.visitcoruna.com\/en\/\"},{\"@type\":\"ListItem\",\"position\":2,\"name\":\"Bibliography\"}]}]}<\/script>\n<!-- \/ Yoast SEO plugin. -->","yoast_head_json":{"title":"Bibliography Napoleon. War of Independence in Galicia and Coru\u00f1a.","description":"This section includes the list of bibliographic sources on the chase by Napoleon Bonaparte's troops of the British army in Galicia","robots":{"index":"index","follow":"follow","max-snippet":"max-snippet:-1","max-image-preview":"max-image-preview:large","max-video-preview":"max-video-preview:-1"},"canonical":"https:\/\/napoleon.visitcoruna.com\/en\/bibliography\/","og_locale":"en_US","og_type":"article","og_title":"Bibliography Napoleon. War of Independence in Galicia and Coru\u00f1a.","og_description":"This section includes the list of bibliographic sources on the chase by Napoleon Bonaparte's troops of the British army in Galicia","og_url":"https:\/\/napoleon.visitcoruna.com\/en\/bibliography\/","og_site_name":"Napoleon Sir John Moore Coru\u00f1a Historical Route","article_modified_time":"2022-01-18T13:02:18+00:00","twitter_card":"summary","twitter_misc":{"Est. reading time":"1 minute"},"schema":{"@context":"https:\/\/schema.org","@graph":[{"@type":"WebSite","@id":"https:\/\/napoleon.visitcoruna.com\/#website","url":"https:\/\/napoleon.visitcoruna.com\/","name":"Napoleon Sir John Moore Coru\u00f1a Historical Route","description":"Points of tourist interest in A Coru\u00f1a during the Napoleonic era and the war of independence","potentialAction":[{"@type":"SearchAction","target":{"@type":"EntryPoint","urlTemplate":"https:\/\/napoleon.visitcoruna.com\/?s={search_term_string}"},"query-input":"required name=search_term_string"}],"inLanguage":"en-US"},{"@type":"WebPage","@id":"https:\/\/napoleon.visitcoruna.com\/en\/bibliography\/#webpage","url":"https:\/\/napoleon.visitcoruna.com\/en\/bibliography\/","name":"Bibliography Napoleon. War of Independence in Galicia and Coru\u00f1a.","isPartOf":{"@id":"https:\/\/napoleon.visitcoruna.com\/#website"},"datePublished":"2021-12-03T22:16:35+00:00","dateModified":"2022-01-18T13:02:18+00:00","description":"This section includes the list of bibliographic sources on the chase by Napoleon Bonaparte's troops of the British army in Galicia","breadcrumb":{"@id":"https:\/\/napoleon.visitcoruna.com\/en\/bibliography\/#breadcrumb"},"inLanguage":"en-US","potentialAction":[{"@type":"ReadAction","target":["https:\/\/napoleon.visitcoruna.com\/en\/bibliography\/"]}]},{"@type":"BreadcrumbList","@id":"https:\/\/napoleon.visitcoruna.com\/en\/bibliography\/#breadcrumb","itemListElement":[{"@type":"ListItem","position":1,"name":"Portada","item":"https:\/\/napoleon.visitcoruna.com\/en\/"},{"@type":"ListItem","position":2,"name":"Bibliography"}]}]}},"_links":{"self":[{"href":"https:\/\/napoleon.visitcoruna.com\/en\/wp-json\/wp\/v2\/pages\/3600"}],"collection":[{"href":"https:\/\/napoleon.visitcoruna.com\/en\/wp-json\/wp\/v2\/pages"}],"about":[{"href":"https:\/\/napoleon.visitcoruna.com\/en\/wp-json\/wp\/v2\/types\/page"}],"author":[{"embeddable":true,"href":"https:\/\/napoleon.visitcoruna.com\/en\/wp-json\/wp\/v2\/users\/2"}],"replies":[{"embeddable":true,"href":"https:\/\/napoleon.visitcoruna.com\/en\/wp-json\/wp\/v2\/comments?post=3600"}],"version-history":[{"count":1,"href":"https:\/\/napoleon.visitcoruna.com\/en\/wp-json\/wp\/v2\/pages\/3600\/revisions"}],"predecessor-version":[{"id":3813,"href":"https:\/\/napoleon.visitcoruna.com\/en\/wp-json\/wp\/v2\/pages\/3600\/revisions\/3813"}],"wp:attachment":[{"href":"https:\/\/napoleon.visitcoruna.com\/en\/wp-json\/wp\/v2\/media?parent=3600"}],"curies":[{"name":"wp","href":"https:\/\/api.w.org\/{rel}","templated":true}]}}