{"id":3719,"date":"2021-12-07T13:55:08","date_gmt":"2021-12-07T12:55:08","guid":{"rendered":"https:\/\/napoleon.open-ideas.info\/aviso-legal\/"},"modified":"2022-01-11T09:55:49","modified_gmt":"2022-01-11T08:55:49","slug":"legal-warning","status":"publish","type":"page","link":"https:\/\/napoleon.visitcoruna.com\/en\/legal-warning\/","title":{"rendered":"Legal Warning"},"content":{"rendered":"\n\n\t\t\t<h1>Legal Warning<\/h1>\t\t\t\n\t<h3>TITULARIDAD DEL SITIO WEB<\/h3>\n<p>En cumplimiento de la Ley de Servicios de la Sociedad de la Informaci\u00f3n y de Comercio Electr\u00f3nico (LSSICE), Ley 34\/2002 de 12 de Octubre, se le facilita la siguiente informaci\u00f3n general sobre este sitio web:<\/p>\n<strong>Dominio:\u00a0<\/strong><a title=\"Web de Turismo Coru\u00f1a\" href=\"http:\/\/www.turismocoruna.com\/\" target=\"_blank\" rel=\"noopener\">http:\/\/www.turismocoruna.com<\/a><br \/>\n<strong>Titular:<\/strong>\u00a0Excmo. Ayuntamiento de A Coru\u00f1a<br \/>\n<strong>Domicilio Social:<\/strong>\u00a0Plaza de Mar\u00eda Pita, 1. 15001 A Coru\u00f1a. Galicia. Espa\u00f1a. Uni\u00f3n Europea.<strong><br \/>\nTel\u00e9fono:<\/strong>\u00a0981 184 200<strong><br \/>\nE-mail:<\/strong>\u00a0webmaster@coruna.es<br \/>\n<strong>CIF:<\/strong>\u00a0P-1503000J.\n<h3>CONDICIONES GENERALES DE UTILIZACI\u00d3N<\/h3>\n<strong>1. CONDICIONES Y LIMITACIONES DE USO<\/strong><br \/>\nEl AYUNTAMIENTO DE A CORU\u00d1A se reserva el derecho de actualizar los contenidos de la p\u00e1gina web y eliminarlos, as\u00ed como de limitar e impedir el acceso a los mismos, ya sea temporal o definitivamente, sin previa notificaci\u00f3n. La utilizaci\u00f3n de la presente p\u00e1gina web atribuye la condici\u00f3n de usuario de la p\u00e1gina web (en adelante el Usuario) e implica la aceptaci\u00f3n plena y sin reservas de todas y cada una de las disposiciones incluidas en este Aviso Legal en el momento mismo en que el Usuario acceda a la p\u00e1gina web. El Usuario se compromete a utilizar la p\u00e1gina web, sus contenidos y servicios de conformidad con la ley, con el presente Aviso Legal, con las condiciones particulares de ciertos servicios y con los dem\u00e1s avisos, reglamentos de uso e instrucciones puestos en su conocimiento, as\u00ed como con la moral y las buenas costumbres generalmente aceptadas y el orden p\u00fablico. A tal efecto, el Usuario se abstendr\u00e1 de utilizar cualquiera de los servicios con fines o efectos il\u00edcitos, prohibidos y lesivos de los derechos e intereses de terceros.<br \/>\n<strong><br \/>\n2. LIMITACIONES DE RESPONSABILIDAD<\/strong><br \/>\nLa responsabilidad de la utilizaci\u00f3n de la informaci\u00f3n contenida en la p\u00e1gina web es del Usuario.<br \/>\n<strong>Disponibilidad de los Servicios<br \/>\n<\/strong>El AYUNTAMIENTO DE A CORU\u00d1A no garantiza que sus p\u00e1ginas se encuentren operativas, ni que sus contenidos sean completos, exactos o fiables en todo momento. El AYUNTAMIENTO DE A CORU\u00d1A se reserva el derecho a modificar en cualquier momento, sin previo aviso, los contenidos de este sitio web y las Condiciones Generales de Acceso. En caso de efectuar operaciones de mantenimiento, reparaci\u00f3n, actualizaci\u00f3n o mejora de los servicios, el AYUNTAMIENTO DE A CORU\u00d1A tiene el derecho a suspender temporalmente y sin necesidad de preaviso el acceso al presente sitio web, as\u00ed como a reservarse el derecho de prestaci\u00f3n o cancelaci\u00f3n de los servicios, sin perjuicio de lo cual procurar\u00e1 ponerlo en conocimiento de los usuarios, siempre que las circunstancias as\u00ed se lo permitan. De esta forma, se excluye cualquier responsabilidad por los da\u00f1os y perjuicios de cualquier naturaleza que puedan derivarse de la falta de disponibilidad o de continuidad del funcionamiento del sitio web y de sus servicios y la utilidad que los usuarios hubieran podido atribuir al presente sitio web.\n<strong>Contenidos no gestionados directamente por este sitio web<\/strong><br \/>\nEl AYUNTAMIENTO DE A CORU\u00d1A rechaza toda responsabilidad sobre la informaci\u00f3n contenida en p\u00e1ginas web no elaboradas por aqu\u00e9l y, especialmente, sobre los contenidos de los enlaces publicados en su p\u00e1gina web. La p\u00e1gina corporativa ofrece enlaces la otros Web sites que pueden resultar de su inter\u00e9s. Aunque el AYUNTAMIENTO DE A CORU\u00d1A trata de asegurar que los web sites de terceros cumplan los est\u00e1ndares adecuados en seguridad y protecci\u00f3n de datos, no podemos garantizar el cumplimiento de la normativa vigente en los mismos. El AYUNTAMIENTO DE A CORU\u00d1A no asume ning\u00fan tipo de responsabilidad, ni siquiera de forma indirecta o subsidiaria, por los da\u00f1os y perjuicios de toda clase que pudieran derivarse del acceso, mantenimiento, uso, calidad, licitud, fiabilidad y utilidad de los contenidos, informaciones, comunicaciones, opiniones, manifestaciones, productos y servicios existentes y ofrecidos en los sitios Web no gestionados por esta administraci\u00f3n y que resulten accesibles a trav\u00e9s de esta p\u00e1gina web. No obstante, esta administraci\u00f3n se encuadra dentro del apartado la) del art\u00edculo 17 de la Ley 34\/2002, de 11 de julio, de Servicios de la Sociedad de la Informaci\u00f3n y Comercio Electr\u00f3nico (LSSICE), ya que esta administraci\u00f3n respecto a enlaces facilitados en el Web, no tienen conocimiento efectivo de que la actividad o la informaci\u00f3n a la que remite o recomienda es il\u00edcita o lesiona bienes o derechos de un tercero susceptibles de indemnizaci\u00f3n. El AYUNTAMIENTO DE A CORU\u00d1A queda eximido de cualquier responsabilidad por da\u00f1os y perjuicios de toda naturaleza que pudieran derivarse de la captaci\u00f3n y uso por parte de terceros de las informaciones y opiniones facilitadas por los usuarios a la p\u00e1gina web. El AYUNTAMIENTO DE A CORU\u00d1A no se hace responsable en ning\u00fan caso de los contenidos, informaciones o im\u00e1genes que no dependan de la p\u00e1gina web, ni est\u00e9n gestionados por el AYUNTAMIENTO DE A CORU\u00d1A.\n<strong>Exenci\u00f3n de responsabilidad sobre el uso indebido de m\u00e9todos de autenticaci\u00f3n<br \/>\n<\/strong>El AYUNTAMIENTO DE A CORU\u00d1A no se hace responsable del uso indebido del login y password o cualquier otro m\u00e9todo de autenticaci\u00f3n utilizado -certificado digital, etc- de los Usuarios para el acceso a los contenidos y servicios que los requieran y que se ofrezcan en la p\u00e1gina web, ni de las consecuencias de cualquier naturaleza derivadas del mal uso por parte de los Usuarios, la p\u00e9rdida u olvido del login y password o cualquier otro m\u00e9todo de autenticaci\u00f3n, ni de su uso indebido por terceros no autorizados.\n\n","protected":false},"excerpt":{"rendered":"<p>Legal Warning TITULARIDAD DEL SITIO WEB En cumplimiento de la Ley de Servicios de la Sociedad de la Informaci\u00f3n y de Comercio Electr\u00f3nico (LSSICE), Ley 34\/2002 de 12 de Octubre, se le facilita la siguiente informaci\u00f3n general sobre este sitio web: Dominio:\u00a0http:\/\/www.turismocoruna.com Titular:\u00a0Excmo. Ayuntamiento de A Coru\u00f1a Domicilio Social:\u00a0Plaza de Mar\u00eda Pita, 1. 15001 A [&hellip;]<\/p>\n","protected":false},"author":2,"featured_media":0,"parent":0,"menu_order":0,"comment_status":"closed","ping_status":"closed","template":"","meta":{"site-sidebar-layout":"no-sidebar","site-content-layout":"page-builder","ast-site-content-layout":"default","site-content-style":"default","site-sidebar-style":"default","ast-global-header-display":"","ast-banner-title-visibility":"","ast-main-header-display":"","ast-hfb-above-header-display":"","ast-hfb-below-header-display":"","ast-hfb-mobile-header-display":"","site-post-title":"disabled","ast-breadcrumbs-content":"","ast-featured-img":"disabled","footer-sml-layout":"","theme-transparent-header-meta":"enabled","adv-header-id-meta":"","stick-header-meta":"default","header-above-stick-meta":"","header-main-stick-meta":"","header-below-stick-meta":"","astra-migrate-meta-layouts":"default","ast-page-background-enabled":"default","ast-page-background-meta":{"desktop":{"background-color":"","background-image":"","background-repeat":"repeat","background-position":"center center","background-size":"auto","background-attachment":"scroll","background-type":"","background-media":"","overlay-type":"","overlay-color":"","overlay-opacity":"","overlay-gradient":""},"tablet":{"background-color":"","background-image":"","background-repeat":"repeat","background-position":"center center","background-size":"auto","background-attachment":"scroll","background-type":"","background-media":"","overlay-type":"","overlay-color":"","overlay-opacity":"","overlay-gradient":""},"mobile":{"background-color":"","background-image":"","background-repeat":"repeat","background-position":"center center","background-size":"auto","background-attachment":"scroll","background-type":"","background-media":"","overlay-type":"","overlay-color":"","overlay-opacity":"","overlay-gradient":""}},"ast-content-background-meta":{"desktop":{"background-color":"var(--ast-global-color-5)","background-image":"","background-repeat":"repeat","background-position":"center center","background-size":"auto","background-attachment":"scroll","background-type":"","background-media":"","overlay-type":"","overlay-color":"","overlay-opacity":"","overlay-gradient":""},"tablet":{"background-color":"var(--ast-global-color-5)","background-image":"","background-repeat":"repeat","background-position":"center center","background-size":"auto","background-attachment":"scroll","background-type":"","background-media":"","overlay-type":"","overlay-color":"","overlay-opacity":"","overlay-gradient":""},"mobile":{"background-color":"var(--ast-global-color-5)","background-image":"","background-repeat":"repeat","background-position":"center center","background-size":"auto","background-attachment":"scroll","background-type":"","background-media":"","overlay-type":"","overlay-color":"","overlay-opacity":"","overlay-gradient":""}}},"yoast_head":"<!-- This site is optimized with the Yoast SEO plugin v17.9 - https:\/\/yoast.com\/wordpress\/plugins\/seo\/ -->\n<title>Legal Warning - Napoleon Sir John Moore Coru\u00f1a Historical Route<\/title>\n<meta name=\"robots\" content=\"index, follow, max-snippet:-1, max-image-preview:large, max-video-preview:-1\" \/>\n<link rel=\"canonical\" href=\"https:\/\/napoleon.visitcoruna.com\/en\/legal-warning\/\" \/>\n<meta property=\"og:locale\" content=\"en_US\" \/>\n<meta property=\"og:type\" content=\"article\" \/>\n<meta property=\"og:title\" content=\"Legal Warning - Napoleon Sir John Moore Coru\u00f1a Historical Route\" \/>\n<meta property=\"og:description\" content=\"Legal Warning TITULARIDAD DEL SITIO WEB En cumplimiento de la Ley de Servicios de la Sociedad de la Informaci\u00f3n y de Comercio Electr\u00f3nico (LSSICE), Ley 34\/2002 de 12 de Octubre, se le facilita la siguiente informaci\u00f3n general sobre este sitio web: Dominio:\u00a0http:\/\/www.turismocoruna.com Titular:\u00a0Excmo. Ayuntamiento de A Coru\u00f1a Domicilio Social:\u00a0Plaza de Mar\u00eda Pita, 1. 15001 A [&hellip;]\" \/>\n<meta property=\"og:url\" content=\"https:\/\/napoleon.visitcoruna.com\/en\/legal-warning\/\" \/>\n<meta property=\"og:site_name\" content=\"Napoleon Sir John Moore Coru\u00f1a Historical Route\" \/>\n<meta property=\"article:modified_time\" content=\"2022-01-11T08:55:49+00:00\" \/>\n<meta name=\"twitter:card\" content=\"summary\" \/>\n<meta name=\"twitter:label1\" content=\"Est. reading time\" \/>\n\t<meta name=\"twitter:data1\" content=\"5 minutes\" \/>\n<script type=\"application\/ld+json\" class=\"yoast-schema-graph\">{\"@context\":\"https:\/\/schema.org\",\"@graph\":[{\"@type\":\"WebSite\",\"@id\":\"https:\/\/napoleon.visitcoruna.com\/#website\",\"url\":\"https:\/\/napoleon.visitcoruna.com\/\",\"name\":\"Napoleon Sir John Moore Coru\\u00f1a Historical Route\",\"description\":\"Points of tourist interest in A Coru\\u00f1a during the Napoleonic era and the war of independence\",\"potentialAction\":[{\"@type\":\"SearchAction\",\"target\":{\"@type\":\"EntryPoint\",\"urlTemplate\":\"https:\/\/napoleon.visitcoruna.com\/?s={search_term_string}\"},\"query-input\":\"required name=search_term_string\"}],\"inLanguage\":\"en-US\"},{\"@type\":\"WebPage\",\"@id\":\"https:\/\/napoleon.visitcoruna.com\/en\/legal-warning\/#webpage\",\"url\":\"https:\/\/napoleon.visitcoruna.com\/en\/legal-warning\/\",\"name\":\"Legal Warning - Napoleon Sir John Moore Coru\\u00f1a Historical Route\",\"isPartOf\":{\"@id\":\"https:\/\/napoleon.visitcoruna.com\/#website\"},\"datePublished\":\"2021-12-07T12:55:08+00:00\",\"dateModified\":\"2022-01-11T08:55:49+00:00\",\"breadcrumb\":{\"@id\":\"https:\/\/napoleon.visitcoruna.com\/en\/legal-warning\/#breadcrumb\"},\"inLanguage\":\"en-US\",\"potentialAction\":[{\"@type\":\"ReadAction\",\"target\":[\"https:\/\/napoleon.visitcoruna.com\/en\/legal-warning\/\"]}]},{\"@type\":\"BreadcrumbList\",\"@id\":\"https:\/\/napoleon.visitcoruna.com\/en\/legal-warning\/#breadcrumb\",\"itemListElement\":[{\"@type\":\"ListItem\",\"position\":1,\"name\":\"Portada\",\"item\":\"https:\/\/napoleon.visitcoruna.com\/en\/\"},{\"@type\":\"ListItem\",\"position\":2,\"name\":\"Legal Warning\"}]}]}<\/script>\n<!-- \/ Yoast SEO plugin. -->","yoast_head_json":{"title":"Legal Warning - Napoleon Sir John Moore Coru\u00f1a Historical Route","robots":{"index":"index","follow":"follow","max-snippet":"max-snippet:-1","max-image-preview":"max-image-preview:large","max-video-preview":"max-video-preview:-1"},"canonical":"https:\/\/napoleon.visitcoruna.com\/en\/legal-warning\/","og_locale":"en_US","og_type":"article","og_title":"Legal Warning - Napoleon Sir John Moore Coru\u00f1a Historical Route","og_description":"Legal Warning TITULARIDAD DEL SITIO WEB En cumplimiento de la Ley de Servicios de la Sociedad de la Informaci\u00f3n y de Comercio Electr\u00f3nico (LSSICE), Ley 34\/2002 de 12 de Octubre, se le facilita la siguiente informaci\u00f3n general sobre este sitio web: Dominio:\u00a0http:\/\/www.turismocoruna.com Titular:\u00a0Excmo. Ayuntamiento de A Coru\u00f1a Domicilio Social:\u00a0Plaza de Mar\u00eda Pita, 1. 15001 A [&hellip;]","og_url":"https:\/\/napoleon.visitcoruna.com\/en\/legal-warning\/","og_site_name":"Napoleon Sir John Moore Coru\u00f1a Historical Route","article_modified_time":"2022-01-11T08:55:49+00:00","twitter_card":"summary","twitter_misc":{"Est. reading time":"5 minutes"},"schema":{"@context":"https:\/\/schema.org","@graph":[{"@type":"WebSite","@id":"https:\/\/napoleon.visitcoruna.com\/#website","url":"https:\/\/napoleon.visitcoruna.com\/","name":"Napoleon Sir John Moore Coru\u00f1a Historical Route","description":"Points of tourist interest in A Coru\u00f1a during the Napoleonic era and the war of independence","potentialAction":[{"@type":"SearchAction","target":{"@type":"EntryPoint","urlTemplate":"https:\/\/napoleon.visitcoruna.com\/?s={search_term_string}"},"query-input":"required name=search_term_string"}],"inLanguage":"en-US"},{"@type":"WebPage","@id":"https:\/\/napoleon.visitcoruna.com\/en\/legal-warning\/#webpage","url":"https:\/\/napoleon.visitcoruna.com\/en\/legal-warning\/","name":"Legal Warning - Napoleon Sir John Moore Coru\u00f1a Historical Route","isPartOf":{"@id":"https:\/\/napoleon.visitcoruna.com\/#website"},"datePublished":"2021-12-07T12:55:08+00:00","dateModified":"2022-01-11T08:55:49+00:00","breadcrumb":{"@id":"https:\/\/napoleon.visitcoruna.com\/en\/legal-warning\/#breadcrumb"},"inLanguage":"en-US","potentialAction":[{"@type":"ReadAction","target":["https:\/\/napoleon.visitcoruna.com\/en\/legal-warning\/"]}]},{"@type":"BreadcrumbList","@id":"https:\/\/napoleon.visitcoruna.com\/en\/legal-warning\/#breadcrumb","itemListElement":[{"@type":"ListItem","position":1,"name":"Portada","item":"https:\/\/napoleon.visitcoruna.com\/en\/"},{"@type":"ListItem","position":2,"name":"Legal Warning"}]}]}},"_links":{"self":[{"href":"https:\/\/napoleon.visitcoruna.com\/en\/wp-json\/wp\/v2\/pages\/3719"}],"collection":[{"href":"https:\/\/napoleon.visitcoruna.com\/en\/wp-json\/wp\/v2\/pages"}],"about":[{"href":"https:\/\/napoleon.visitcoruna.com\/en\/wp-json\/wp\/v2\/types\/page"}],"author":[{"embeddable":true,"href":"https:\/\/napoleon.visitcoruna.com\/en\/wp-json\/wp\/v2\/users\/2"}],"replies":[{"embeddable":true,"href":"https:\/\/napoleon.visitcoruna.com\/en\/wp-json\/wp\/v2\/comments?post=3719"}],"version-history":[{"count":0,"href":"https:\/\/napoleon.visitcoruna.com\/en\/wp-json\/wp\/v2\/pages\/3719\/revisions"}],"wp:attachment":[{"href":"https:\/\/napoleon.visitcoruna.com\/en\/wp-json\/wp\/v2\/media?parent=3719"}],"curies":[{"name":"wp","href":"https:\/\/api.w.org\/{rel}","templated":true}]}}