{"id":3621,"date":"2021-12-02T20:21:19","date_gmt":"2021-12-02T19:21:19","guid":{"rendered":"https:\/\/napoleon.open-ideas.info\/historia\/"},"modified":"2022-01-18T10:22:24","modified_gmt":"2022-01-18T09:22:24","slug":"lhistoire","status":"publish","type":"page","link":"https:\/\/napoleon.visitcoruna.com\/fr\/lhistoire\/","title":{"rendered":"L&rsquo;histoire"},"content":{"rendered":"\r\n\r\n\t\t\t<h1>L&rsquo;histoire<\/h1>\t\t\t\r\n\t<nav aria-label=\"Menu historia (FR)\" itemscope=\"itemscope\" itemtype=\"https:\/\/schema.org\/SiteNavigationElement\">\r\n\t\t<ul id=\"menu-menu-historia-fr\"><li id=\"menu-item-3629\"><a href=\"#Les-Origines\" tabindex=\"0\" role=\"link\">Les Origines<\/a><\/li><li id=\"menu-item-3630\"><a href=\"#L-impact-en-Espagne\" tabindex=\"0\" role=\"link\">L&rsquo;impact en Espagne<\/a><\/li><li id=\"menu-item-3633\"><a href=\"#Galice\" tabindex=\"0\" role=\"link\">Galice<\/a><\/li><li id=\"menu-item-3634\"><a href=\"#Consequences\" tabindex=\"0\" role=\"link\">Cons\u00e9quences<\/a><\/li><\/ul>\r\n\t\t\t<\/nav>\r\n\t\t\t<h2>Les Origines <\/h2>\r\n\t<p>Peu d&rsquo;\u00e9v\u00e9nements ont eu autant d&rsquo;impact sur l&rsquo;histoire que la R\u00e9volution fran\u00e7aise. Ses r\u00e9percussions ont chang\u00e9 la vie de millions de personnes pendant des si\u00e8cles et nombre de ses r\u00e9alisations perdurent de nos jours. En 1789, l&rsquo;humanit\u00e9 changea de cap et le monde tel que nous l\u00b4avions connu s&rsquo;effondra pour faire place \u00e0 un nouveau.<\/p>\r\n<p>La transition de l&rsquo;\u00c8re Moderne \u00e0 l&rsquo;\u00c8re Contemporaine n&rsquo;a pas \u00e9t\u00e9 lin\u00e9aire, elle a subi des progr\u00e8s et des reculs, mais les \u00e9v\u00e9nements de la fin du XVIIIe si\u00e8cle en France, ainsi que l&rsquo;ind\u00e9pendance des \u00c9tats-Unis, ont signifi\u00e9 un grand tournant dans le monde.<\/p>\r\n<p>L&rsquo;impact de la R\u00e9volution fran\u00e7aise a transcend\u00e9 le pays o\u00f9 elle a vu le jour. Elle a eu un effet presque imm\u00e9diat sur toutes les soci\u00e9t\u00e9s europ\u00e9ennes et, avec l&rsquo;arriv\u00e9e au pouvoir de Napol\u00e9on en 1799, cette influence s&rsquo;est rapidement \u00e9tendue \u00e0 toute l&rsquo;Europe gr\u00e2ce aux conqu\u00eates de la Grande Arm\u00e9e.<\/p>\r\n<p>Napol\u00e9on Bonaparte est n\u00e9 le 15\u00a0ao\u00fbt\u00a01769 \u00e0 Ajaccio, la capitale de la Corse. Ses parents l&rsquo;ont envoy\u00e9 en France continentale alors qu&rsquo;il n&rsquo;\u00e9tait qu&rsquo;un enfant pour \u00e9tudier dans une acad\u00e9mie militaire. Sa carri\u00e8re militaire fut fulgurante et il atteignit des niveaux \u00e9lev\u00e9s de responsabilit\u00e9 avec la R\u00e9volution en marche, devenant g\u00e9n\u00e9ral au jeune \u00e2ge de 26 ans. Son accession au pouvoir changea le cours de l&rsquo;histoire en Europe et fit chanceler les vieilles monarchies absolutistes qui dominaient encore le continent et qui regardaient avec m\u00e9pris le jeune Corse.<\/p>\r\n<p>La vie de Napol\u00e9on va au-del\u00e0 de sa propre histoire et s\u00b4enfonce dans la l\u00e9gende. Ses r\u00e9alisations militaires sont nombreuses. Tout comme certaines de ses d\u00e9faites. Le si\u00e8ge de Toulon, le 18 Brumaire, l&rsquo;exp\u00e9dition en \u00c9gypte, la proclamation de l&rsquo;Empire, la grande invasion russe, le bannissement \u00e0 l&rsquo;\u00eele d&rsquo;Elbe, le retour par acclamation, le d\u00e9sastre de Waterloo et le second bannissement sur l&rsquo;\u00eele lointaine de Sainte-H\u00e9l\u00e8ne ne sont que quelques-uns des \u00e9v\u00e9nements dont il a \u00e9t\u00e9 protagoniste. 200 ans apr\u00e8s sa mort, sa figure reste l&rsquo;une des plus int\u00e9ressantes de l&rsquo;histoire universelle et l&rsquo;une des plus controvers\u00e9es.<\/p>\r\n\t\t\t<h2>L\u00b4 impact en Espagne<\/h2>\r\n\t<p>Alors que la France \u00e9tait \u00e0 la t\u00eate de l&rsquo;Europe des Lumi\u00e8res et des lib\u00e9raux, l&rsquo;Espagne repr\u00e9sentait la vieille monarchie, avec le despotisme comme devise, parfois illustr\u00e9e et parfois non d\u00e9pendant du roi du moment. Apr\u00e8s quelques ann\u00e9es de d\u00e9saccords entre les deux \u00c9tats, les relations ont \u00e9t\u00e9 r\u00e9tablies au d\u00e9but du XIXe si\u00e8cle avec Napol\u00e9on comme chef de file fran\u00e7ais.<\/p>\r\n<p>En 1805 les troupes navales des deux pays combattirent et perdirent ensemble \u00e0 Trafalgar contre les Anglais de Nelson, et avec le triomphe ult\u00e9rieur de Napol\u00e9on \u00e0 Austerlitz il semblait que cette alliance allait durer dans le temps.<\/p>\r\n<p>L&rsquo;Espagne \u00e9tait dirig\u00e9e par Charles IV, qui poss\u00e9dait un vaste empire sous son r\u00e8gne, mais qui \u00e9tait un roi indolent, peu soucieux des affaires gouvernementales, et encore moins du bien-\u00eatre de son peuple.<\/p>\r\n<p>Mais le cours de l&rsquo;histoire prit un tournant inattendu. Avec le blocus de l&rsquo;Angleterre comme pr\u00e9texte, la France commence \u00e0 introduire massivement des troupes dans la p\u00e9ninsule ib\u00e9rique. La conspiration du prince des Asturies, Ferdinand VII, pour d\u00e9tr\u00f4ner son p\u00e8re et le malaise du peuple face \u00e0 la pr\u00e9sence des troupes fran\u00e7aises cr\u00e9ent le terreau du soul\u00e8vement populaire de 1808.<\/p>\r\n<p>Ce sont les classes populaires de Madrid et de La Corogne qui font preuve de la plus grande audace et lancent la r\u00e9volte contre l&rsquo;envahisseur. L&rsquo;esprit de r\u00e9bellion des citoyens et la victoire espagnole \u00e0 Bail\u00e9n, premi\u00e8re d\u00e9faite napol\u00e9onienne en rase campagne, firent penser que le soul\u00e8vement serait cons\u00e9quent, mais l&rsquo;Espagne n&rsquo;avait pas la capacit\u00e9 de tenir t\u00eate seule \u00e0 l&#8217;empire fran\u00e7ais.<\/p>\r\n<p>Le soutien anglais \u00e9tait indispensable pour assurer une certaine viabilit\u00e9 \u00e0 la r\u00e9sistance espagnole et la couronne britannique n&rsquo;h\u00e9site pas \u00e0 envoyer des troupes dans la p\u00e9ninsule pour combattre leur ennemi jur\u00e9, les Fran\u00e7ais. C&rsquo;est \u00e0 ce moment-l\u00e0 que le g\u00e9n\u00e9ral britannique John Moore entre en action et commence sa campagne, qui est d&rsquo;abord couronn\u00e9e de succ\u00e8s mais qui se termine par une longue retraite.<\/p>\r\n<p>Les premi\u00e8res ann\u00e9es de la Guerre d&rsquo;Ind\u00e9pendance, aussi nomm\u00e9e Campagne d\u00b4Espagne, furent extr\u00eamement turbulentes, avec de nombreux hauts et bas guerriers. Fatigu\u00e9 de tant d&rsquo;instabilit\u00e9, surtout apr\u00e8s la d\u00e9faite fran\u00e7aise \u00e0 Bail\u00e9n, Napol\u00e9on se mit \u00e0 la t\u00eate de sa Grande Arm\u00e9e pour r\u00e9primer la r\u00e9volte. Sous le commandement de l&#8217;empereur, l&rsquo;arm\u00e9e fran\u00e7aise encha\u00eene plusieurs victoires et arrive \u00e0 Chamart\u00edn, o\u00f9 la capitale espagnole capitule sans combattre.<\/p>\r\n<p>L&rsquo;arm\u00e9e anglaise, entr\u00e9e en Castille, et que l&rsquo;on a laiss\u00e9 croire que les troupes locales r\u00e9sistaient sur tout le territoire, se trouve alors dans une situation compliqu\u00e9e. Loin de leur zone d&rsquo;influence et sans capacit\u00e9 ni volont\u00e9 de faire face, seuls, \u00e0 l&rsquo;arm\u00e9e imp\u00e9riale, les Britanniques sont une proie facile pour les Fran\u00e7ais.<\/p>\r\n\t\t\t<h2>Galice<\/h2>\r\n\t<p>C&rsquo;est \u00e0 la fin de 1808 que Napol\u00e9on apprend que les Anglais sont dans la p\u00e9ninsule et entame une poursuite qui durera plus de deux mois tout au long du nord-ouest p\u00e9ninsulaire. Le g\u00e9n\u00e9ral John Moore ordonne une retraite pr\u00e9cipit\u00e9e vers La Corogne pour embarquer vers les \u00eeles Britanniques. La marche des anglais durant ce rude hiver castillan rappelle le c\u00e9l\u00e8bre \u00e9pisode de Dunkerque, qui se produira 132 ans plus tard lors de la Seconde Guerre mondiale.<\/p>\r\n<p>La retraite britannique est devenue l&rsquo;une des plus grandes \u00e9pop\u00e9es de la Campagne d\u00b4Espagne (Guerre d&rsquo;Ind\u00e9pendance). Un g\u00e9n\u00e9ral qui tente de sauver son arm\u00e9e par une longue retraite, an\u00e9antissant tout sur son passage et s&rsquo;arr\u00eatant \u00e0 plusieurs reprises pour livrer bataille.<\/p>\r\n<p>Napol\u00e9on poursuit l&rsquo;arm\u00e9e de Moore jusqu&rsquo;\u00e0 Astorga (Le\u00f3n), o\u00f9 il est inform\u00e9 que la situation au centre de l\u00b4Europe se d\u00e9t\u00e9riore, en particulier en Autriche. L&rsquo;Empereur quitte l&rsquo;Espagne et d\u00e9l\u00e8gue la poursuite au g\u00e9n\u00e9ral Jean-de-Dieu Soult.<\/p>\r\n<p>En Galice, Lugo et Concubelos ils marquent les jalons les plus importants, mais ce sera aux portes de La Corogne, dans la ville d&rsquo;Elvi\u00f1a, o\u00f9 se produira la bataille la plus rude. Celle qui marquera la fin de l&rsquo;aventure.<\/p>\r\n<p>Au cours de la bataille, le g\u00e9n\u00e9ral Moore est mortellement bless\u00e9, mais ses troupes parviennent n\u00e9anmoins \u00e0 maintenir leurs positions. Dans une man\u0153uvre astucieuse, les Anglais allument de nombreux feux la nuit pour faire croire \u00e0 leur ennemi qu&rsquo;ils restent pr\u00eats pour la bataille. Rien n&rsquo;est plus \u00e9loign\u00e9 de la r\u00e9alit\u00e9. Au matin, l\u00b4arm\u00e9e fran\u00e7aise d\u00e9couvre que la plupart des Britanniques ont embarqu\u00e9 vers les \u00eeles.<\/p>\r\n<p>Ainsi, malgr\u00e9 la retraite, le g\u00e9n\u00e9ral Moore, dont le corps repose toujours dans le jardin de Saint Charles \u00e0 La Corogne, r\u00e9ussit \u00e0 sauver une grande partie de son arm\u00e9e. Une arm\u00e9e qui sera essentielle pour poursuivre la guerre contre la France napol\u00e9onienne au cours des ann\u00e9es suivantes.<\/p>\r\n<p>Sans \u00e0 peine troupes anglaises, La Corogne r\u00e9sistera encore deux jours avant de capituler devant les Fran\u00e7ais. La domination napol\u00e9onienne se maintiendra pendant des ann\u00e9es et ce n&rsquo;est qu&rsquo;au d\u00e9but de 1813 que la situation dans la p\u00e9ninsule commencera \u00e0 changer de signe. Les nombreux fronts ouverts commencent \u00e0 s&rsquo;imposer dans l&rsquo;arm\u00e9e de Bonaparte, notamment avec la d\u00e9faite en Russie et l&rsquo;offensive anglaise du duc de Wellington.<\/p>\r\n<p>Alors qu&rsquo;il ne reste pratiquement plus de troupes anglaises, La Corogne r\u00e9sistera encore deux jours avant de capituler devant les Fran\u00e7ais. La domination napol\u00e9onienne va se poursuivre pendant des ann\u00e9es et ce n&rsquo;est qu&rsquo;au d\u00e9but de 1813 que la situation dans la p\u00e9ninsule commence \u00e0 changer. Les nombreux fronts ouverts commencent \u00e0 peser sur l&rsquo;arm\u00e9e de Bonaparte, notamment avec la d\u00e9faite en Russie et l&rsquo;offensive anglaise du duc de Wellington.<\/p>\r\n\t\t\t\t\t\t\t\t\t<img loading=\"lazy\" src=\"https:\/\/napoleon.visitcoruna.com\/wp-content\/uploads\/historia-fr.png\" alt=\"historia-fr\" itemprop=\"image\" height=\"400\" width=\"1000\" title=\"historia-fr\" onerror=\"this.style.display='none'\"  \/>\r\n\t\t\t<h2>Cons\u00e9quences<\/h2>\r\n\t<p>Avec l&rsquo;arm\u00e9e fran\u00e7aise d\u00e9j\u00e0 expuls\u00e9e de la p\u00e9ninsule et Napol\u00e9on exil\u00e9 sur l&rsquo;\u00eele de Sainte-H\u00e9l\u00e8ne depuis 1815, les braises de la Guerre d&rsquo;Ind\u00e9pendance (Campagne d\u00b4Espagne) se maintiendront pendant des ann\u00e9es. Du conflit sont n\u00e9es deux mani\u00e8res de comprendre l&rsquo;Espagne qui n&rsquo;ont cess\u00e9 de faire la guerre pratiquement tout au long du XIXe si\u00e8cle. La dichotomie entre fernandinos et Josephinos devint une lutte permanente entre lib\u00e9raux et conservateurs. Ce furent les ann\u00e9es de la Restauration, du prononc\u00e9 de Riego, de l&rsquo;invasion fran\u00e7aise des Cent Mille Fils de Saint-Louis, cette fois pour restaurer l&rsquo;absolutisme sous Ferdinand VII.<\/p>\r\n<p>La Corogne a continu\u00e9 \u00e0 cro\u00eetre en tant que port atlantique, maintenant une relation privil\u00e9gi\u00e9e avec l&rsquo;Angleterre et le Portugal et renfor\u00e7ant sa vocation de point de rencontre des cultures. La ville devint l&rsquo;une des portes d\u00b4entr\u00e9e du continent. Pour l&rsquo;histoire et la l\u00e9gende restent les \u00e9chos de cette campagne o\u00f9 Napol\u00e9on Bonaparte poursuivit sans rel\u00e2che l&rsquo;arm\u00e9e anglaise et le g\u00e9n\u00e9ral John Moore, qui mourut dans notre ville et dont la tombe dans les Jardins de Saint-Charles est le souvenir d&rsquo;une guerre qui marqua le destin de l&rsquo;Europe.<\/p>\r\n\r\n","protected":false},"excerpt":{"rendered":"<p>L&rsquo;histoire Les Origines L&rsquo;impact en Espagne Galice Cons\u00e9quences Les Origines Peu d&rsquo;\u00e9v\u00e9nements ont eu autant d&rsquo;impact sur l&rsquo;histoire que la R\u00e9volution fran\u00e7aise. Ses r\u00e9percussions ont chang\u00e9 la vie de millions de personnes pendant des si\u00e8cles et nombre de ses r\u00e9alisations perdurent de nos jours. En 1789, l&rsquo;humanit\u00e9 changea de cap et le monde tel que [&hellip;]<\/p>\n","protected":false},"author":2,"featured_media":0,"parent":0,"menu_order":0,"comment_status":"closed","ping_status":"closed","template":"","meta":{"site-sidebar-layout":"no-sidebar","site-content-layout":"page-builder","ast-site-content-layout":"default","site-content-style":"default","site-sidebar-style":"default","ast-global-header-display":"","ast-banner-title-visibility":"","ast-main-header-display":"","ast-hfb-above-header-display":"","ast-hfb-below-header-display":"","ast-hfb-mobile-header-display":"","site-post-title":"disabled","ast-breadcrumbs-content":"","ast-featured-img":"disabled","footer-sml-layout":"","theme-transparent-header-meta":"enabled","adv-header-id-meta":"","stick-header-meta":"default","header-above-stick-meta":"","header-main-stick-meta":"","header-below-stick-meta":"","astra-migrate-meta-layouts":"default","ast-page-background-enabled":"default","ast-page-background-meta":{"desktop":{"background-color":"","background-image":"","background-repeat":"repeat","background-position":"center center","background-size":"auto","background-attachment":"scroll","background-type":"","background-media":"","overlay-type":"","overlay-color":"","overlay-opacity":"","overlay-gradient":""},"tablet":{"background-color":"","background-image":"","background-repeat":"repeat","background-position":"center center","background-size":"auto","background-attachment":"scroll","background-type":"","background-media":"","overlay-type":"","overlay-color":"","overlay-opacity":"","overlay-gradient":""},"mobile":{"background-color":"","background-image":"","background-repeat":"repeat","background-position":"center center","background-size":"auto","background-attachment":"scroll","background-type":"","background-media":"","overlay-type":"","overlay-color":"","overlay-opacity":"","overlay-gradient":""}},"ast-content-background-meta":{"desktop":{"background-color":"var(--ast-global-color-5)","background-image":"","background-repeat":"repeat","background-position":"center center","background-size":"auto","background-attachment":"scroll","background-type":"","background-media":"","overlay-type":"","overlay-color":"","overlay-opacity":"","overlay-gradient":""},"tablet":{"background-color":"var(--ast-global-color-5)","background-image":"","background-repeat":"repeat","background-position":"center center","background-size":"auto","background-attachment":"scroll","background-type":"","background-media":"","overlay-type":"","overlay-color":"","overlay-opacity":"","overlay-gradient":""},"mobile":{"background-color":"var(--ast-global-color-5)","background-image":"","background-repeat":"repeat","background-position":"center center","background-size":"auto","background-attachment":"scroll","background-type":"","background-media":"","overlay-type":"","overlay-color":"","overlay-opacity":"","overlay-gradient":""}}},"yoast_head":"<!-- This site is optimized with the Yoast SEO plugin v17.9 - https:\/\/yoast.com\/wordpress\/plugins\/seo\/ -->\n<title>L\u2019impact de la Guerre d\u00b4Independance Espagnole en Galice<\/title>\n<meta name=\"description\" content=\"D\u00e9couvrez les \u00e9v\u00e9nements les plus importants de la Campagne d\u00b4Espagne en Galice et le combat final \u00e0 La Corogne\" \/>\n<meta name=\"robots\" content=\"index, follow, max-snippet:-1, max-image-preview:large, max-video-preview:-1\" \/>\n<link rel=\"canonical\" href=\"https:\/\/napoleon.visitcoruna.com\/fr\/lhistoire\/\" \/>\n<meta property=\"og:locale\" content=\"fr_FR\" \/>\n<meta property=\"og:type\" content=\"article\" \/>\n<meta property=\"og:title\" content=\"L\u2019impact de la Guerre d\u00b4Independance Espagnole en Galice\" \/>\n<meta property=\"og:description\" content=\"D\u00e9couvrez les \u00e9v\u00e9nements les plus importants de la Campagne d\u00b4Espagne en Galice et le combat final \u00e0 La Corogne\" \/>\n<meta property=\"og:url\" content=\"https:\/\/napoleon.visitcoruna.com\/fr\/lhistoire\/\" \/>\n<meta property=\"og:site_name\" content=\"Route historique Napol\u00e9on Sir John Moore La Corogne\" \/>\n<meta property=\"article:modified_time\" content=\"2022-01-18T09:22:24+00:00\" \/>\n<meta property=\"og:image\" content=\"https:\/\/napoleon.visitcoruna.com\/wp-content\/uploads\/historia-fr.png\" \/>\n<meta name=\"twitter:card\" content=\"summary\" \/>\n<meta name=\"twitter:label1\" content=\"Dur\u00e9e de lecture estim\u00e9e\" \/>\n\t<meta name=\"twitter:data1\" content=\"8 minutes\" \/>\n<script type=\"application\/ld+json\" class=\"yoast-schema-graph\">{\"@context\":\"https:\/\/schema.org\",\"@graph\":[{\"@type\":\"WebSite\",\"@id\":\"https:\/\/napoleon.visitcoruna.com\/#website\",\"url\":\"https:\/\/napoleon.visitcoruna.com\/\",\"name\":\"Route historique Napol\\u00e9on Sir John Moore La Corogne\",\"description\":\"Points d'int\\u00e9r\\u00eat touristique \\u00e0 La Corogne \\u00e0 l'\\u00e9poque napol\\u00e9onienne et la guerre d'ind\\u00e9pendance\",\"potentialAction\":[{\"@type\":\"SearchAction\",\"target\":{\"@type\":\"EntryPoint\",\"urlTemplate\":\"https:\/\/napoleon.visitcoruna.com\/?s={search_term_string}\"},\"query-input\":\"required name=search_term_string\"}],\"inLanguage\":\"fr-FR\"},{\"@type\":\"ImageObject\",\"@id\":\"https:\/\/napoleon.visitcoruna.com\/fr\/lhistoire\/#primaryimage\",\"inLanguage\":\"fr-FR\",\"url\":\"https:\/\/napoleon.visitcoruna.com\/wp-content\/uploads\/historia-fr.png\",\"contentUrl\":\"https:\/\/napoleon.visitcoruna.com\/wp-content\/uploads\/historia-fr.png\",\"width\":1000,\"height\":400},{\"@type\":\"WebPage\",\"@id\":\"https:\/\/napoleon.visitcoruna.com\/fr\/lhistoire\/#webpage\",\"url\":\"https:\/\/napoleon.visitcoruna.com\/fr\/lhistoire\/\",\"name\":\"L\\u2019impact de la Guerre d\\u00b4Independance Espagnole en Galice\",\"isPartOf\":{\"@id\":\"https:\/\/napoleon.visitcoruna.com\/#website\"},\"primaryImageOfPage\":{\"@id\":\"https:\/\/napoleon.visitcoruna.com\/fr\/lhistoire\/#primaryimage\"},\"datePublished\":\"2021-12-02T19:21:19+00:00\",\"dateModified\":\"2022-01-18T09:22:24+00:00\",\"description\":\"D\\u00e9couvrez les \\u00e9v\\u00e9nements les plus importants de la Campagne d\\u00b4Espagne en Galice et le combat final \\u00e0 La Corogne\",\"breadcrumb\":{\"@id\":\"https:\/\/napoleon.visitcoruna.com\/fr\/lhistoire\/#breadcrumb\"},\"inLanguage\":\"fr-FR\",\"potentialAction\":[{\"@type\":\"ReadAction\",\"target\":[\"https:\/\/napoleon.visitcoruna.com\/fr\/lhistoire\/\"]}]},{\"@type\":\"BreadcrumbList\",\"@id\":\"https:\/\/napoleon.visitcoruna.com\/fr\/lhistoire\/#breadcrumb\",\"itemListElement\":[{\"@type\":\"ListItem\",\"position\":1,\"name\":\"Portada\",\"item\":\"https:\/\/napoleon.visitcoruna.com\/fr\/\"},{\"@type\":\"ListItem\",\"position\":2,\"name\":\"L&#8217;histoire\"}]}]}<\/script>\n<!-- \/ Yoast SEO plugin. -->","yoast_head_json":{"title":"L\u2019impact de la Guerre d\u00b4Independance Espagnole en Galice","description":"D\u00e9couvrez les \u00e9v\u00e9nements les plus importants de la Campagne d\u00b4Espagne en Galice et le combat final \u00e0 La Corogne","robots":{"index":"index","follow":"follow","max-snippet":"max-snippet:-1","max-image-preview":"max-image-preview:large","max-video-preview":"max-video-preview:-1"},"canonical":"https:\/\/napoleon.visitcoruna.com\/fr\/lhistoire\/","og_locale":"fr_FR","og_type":"article","og_title":"L\u2019impact de la Guerre d\u00b4Independance Espagnole en Galice","og_description":"D\u00e9couvrez les \u00e9v\u00e9nements les plus importants de la Campagne d\u00b4Espagne en Galice et le combat final \u00e0 La Corogne","og_url":"https:\/\/napoleon.visitcoruna.com\/fr\/lhistoire\/","og_site_name":"Route historique Napol\u00e9on Sir John Moore La Corogne","article_modified_time":"2022-01-18T09:22:24+00:00","og_image":[{"url":"https:\/\/napoleon.visitcoruna.com\/wp-content\/uploads\/historia-fr.png"}],"twitter_card":"summary","twitter_misc":{"Dur\u00e9e de lecture estim\u00e9e":"8 minutes"},"schema":{"@context":"https:\/\/schema.org","@graph":[{"@type":"WebSite","@id":"https:\/\/napoleon.visitcoruna.com\/#website","url":"https:\/\/napoleon.visitcoruna.com\/","name":"Route historique Napol\u00e9on Sir John Moore La Corogne","description":"Points d'int\u00e9r\u00eat touristique \u00e0 La Corogne \u00e0 l'\u00e9poque napol\u00e9onienne et la guerre d'ind\u00e9pendance","potentialAction":[{"@type":"SearchAction","target":{"@type":"EntryPoint","urlTemplate":"https:\/\/napoleon.visitcoruna.com\/?s={search_term_string}"},"query-input":"required name=search_term_string"}],"inLanguage":"fr-FR"},{"@type":"ImageObject","@id":"https:\/\/napoleon.visitcoruna.com\/fr\/lhistoire\/#primaryimage","inLanguage":"fr-FR","url":"https:\/\/napoleon.visitcoruna.com\/wp-content\/uploads\/historia-fr.png","contentUrl":"https:\/\/napoleon.visitcoruna.com\/wp-content\/uploads\/historia-fr.png","width":1000,"height":400},{"@type":"WebPage","@id":"https:\/\/napoleon.visitcoruna.com\/fr\/lhistoire\/#webpage","url":"https:\/\/napoleon.visitcoruna.com\/fr\/lhistoire\/","name":"L\u2019impact de la Guerre d\u00b4Independance Espagnole en Galice","isPartOf":{"@id":"https:\/\/napoleon.visitcoruna.com\/#website"},"primaryImageOfPage":{"@id":"https:\/\/napoleon.visitcoruna.com\/fr\/lhistoire\/#primaryimage"},"datePublished":"2021-12-02T19:21:19+00:00","dateModified":"2022-01-18T09:22:24+00:00","description":"D\u00e9couvrez les \u00e9v\u00e9nements les plus importants de la Campagne d\u00b4Espagne en Galice et le combat final \u00e0 La Corogne","breadcrumb":{"@id":"https:\/\/napoleon.visitcoruna.com\/fr\/lhistoire\/#breadcrumb"},"inLanguage":"fr-FR","potentialAction":[{"@type":"ReadAction","target":["https:\/\/napoleon.visitcoruna.com\/fr\/lhistoire\/"]}]},{"@type":"BreadcrumbList","@id":"https:\/\/napoleon.visitcoruna.com\/fr\/lhistoire\/#breadcrumb","itemListElement":[{"@type":"ListItem","position":1,"name":"Portada","item":"https:\/\/napoleon.visitcoruna.com\/fr\/"},{"@type":"ListItem","position":2,"name":"L&#8217;histoire"}]}]}},"_links":{"self":[{"href":"https:\/\/napoleon.visitcoruna.com\/fr\/wp-json\/wp\/v2\/pages\/3621"}],"collection":[{"href":"https:\/\/napoleon.visitcoruna.com\/fr\/wp-json\/wp\/v2\/pages"}],"about":[{"href":"https:\/\/napoleon.visitcoruna.com\/fr\/wp-json\/wp\/v2\/types\/page"}],"author":[{"embeddable":true,"href":"https:\/\/napoleon.visitcoruna.com\/fr\/wp-json\/wp\/v2\/users\/2"}],"replies":[{"embeddable":true,"href":"https:\/\/napoleon.visitcoruna.com\/fr\/wp-json\/wp\/v2\/comments?post=3621"}],"version-history":[{"count":1,"href":"https:\/\/napoleon.visitcoruna.com\/fr\/wp-json\/wp\/v2\/pages\/3621\/revisions"}],"predecessor-version":[{"id":3804,"href":"https:\/\/napoleon.visitcoruna.com\/fr\/wp-json\/wp\/v2\/pages\/3621\/revisions\/3804"}],"wp:attachment":[{"href":"https:\/\/napoleon.visitcoruna.com\/fr\/wp-json\/wp\/v2\/media?parent=3621"}],"curies":[{"name":"wp","href":"https:\/\/api.w.org\/{rel}","templated":true}]}}