{"id":3622,"date":"2021-12-03T23:16:35","date_gmt":"2021-12-03T22:16:35","guid":{"rendered":"https:\/\/napoleon.open-ideas.info\/bibliografia\/"},"modified":"2022-01-18T10:23:45","modified_gmt":"2022-01-18T09:23:45","slug":"bibliographie","status":"publish","type":"page","link":"https:\/\/napoleon.visitcoruna.com\/fr\/bibliographie\/","title":{"rendered":"Bibliographie"},"content":{"rendered":"\r\n\r\n\t\t\t<h1>Bibliographie<\/h1>\t\t\t\r\n\t<ul>\r\n\t\t<li><h3>1. Napole\u00f3n vs Moore<\/h3><p>Francisco Vela Santiago<\/p><\/li><li><h3>2. Sir John Moore. The Making of a Hero<\/h3>Janet Macdonald<\/li><li><h3>3. La Guerra de Independencia<\/h3>Enrique Mart\u00ednez Ruiz<\/li><li><h3>4.\tDos d\u00edas de Mayo<\/h3>Francisco Vela Santiago<\/li><li><h3>5. El testamento y el misterio de la muerte de Napole\u00f3n Bonaparte<\/h3>Manuel Arenas Roca<\/li><li><h3>6. Napole\u00f3n sa vie, ses batailles, son empire<\/h3>David Chanteranne<\/li><li><h3>7. Atlas Ilustrado de la Guerra de Independencia<\/h3>Mariano Gonz\u00e1lez Clavero<\/li><li><h3>8.\tEl sepulcro de Moore<\/h3>J.P Vicenti<\/li><li><h3>9.\tNapole\u00f3n<\/h3>Jean Mistler<\/li><li><h3>10.\tNapole\u00f3n en Chamart\u00edn<\/h3>Benito Perez Galdos<\/li><li><h3>11.\tNelson and Napole\u00f3n<\/h3>Christopher Lee<\/li><li><h3>12.\tNapole\u00f3n<\/h3>Carine Chirac Marinier<\/li><li><h3>13. Memorias de Napole\u00f3n<\/h3>Napole\u00f3n Bonaparte<\/li><li><h3>14. Napole\u00f3n<\/h3>Emil Ludwig<\/li><li><h3>15. Las campa\u00f1as de Napole\u00f3n<\/h3>David Chandler<\/li>\t<\/ul>\r\n\t<ul>\r\n\t\t<li><h3>16.\tNapole\u00f3n<\/h3><p>Geoffrey Ellis<\/p><\/li><li><h3>17.\tNapole\u00f3n<\/h3>Andr\u00e9 Maurois<\/li><li><h3>18.\tLa pir\u00e1mide Inmortal<\/h3>Javier Sierra<\/li><li><h3>19.\tNapole\u00f3n en Egipto<\/h3>Paul Strathern<\/li><li><h3>20.\tLa Revoluci\u00f3n Francesa<\/h3>Michel Vovelle<\/li><li><h3>21.\tLa Revoluci\u00f3n Francesa<\/h3>I\u00f1igo Bolinaga<\/li><li><h3>22.\tFouch\u00e9<\/h3>Stefan Zweig<\/li><li><h3>23.\tNapole\u00f3n<\/h3>Marcel D&rsquo;Isard<\/li><li><h3>24.\tNapole\u00f3n<\/h3>Javier de Juan<\/li><li><h3>25. El Sepulcro de Moore<\/h3>J.P. Vicenti<\/li><li><h3>26. Reina de Oriente, Leyenda de la Coru\u00f1a<\/h3>Mark Guscin<\/li><li><h3>27. Los Ej\u00e9rcitos Gallegos contra Napole\u00f3n en la Guerra de la Independencia<\/h3>Jos\u00e9 Navas Ram\u00edrez-Cruzado<\/li><li><h3>28. Moore (1761-1809)<\/h3>Mark Zbigniew Guscin<\/li><li><h3>29. Memorias de las Operaciones Militares de los Franceses en Galicia, Portugal y el Valle del Tajo en 1809<\/h3>Pierre Le Noble<\/li>\t<\/ul>\r\n\r\n","protected":false},"excerpt":{"rendered":"<p>Bibliographie 1. Napole\u00f3n vs Moore Francisco Vela Santiago 2. Sir John Moore. The Making of a Hero Janet Macdonald 3. La Guerra de Independencia Enrique Mart\u00ednez Ruiz 4. Dos d\u00edas de Mayo Francisco Vela Santiago 5. El testamento y el misterio de la muerte de Napole\u00f3n Bonaparte Manuel Arenas Roca 6. Napole\u00f3n sa vie, ses [&hellip;]<\/p>\n","protected":false},"author":2,"featured_media":0,"parent":0,"menu_order":0,"comment_status":"closed","ping_status":"closed","template":"","meta":{"site-sidebar-layout":"no-sidebar","site-content-layout":"page-builder","ast-site-content-layout":"default","site-content-style":"default","site-sidebar-style":"default","ast-global-header-display":"","ast-banner-title-visibility":"","ast-main-header-display":"","ast-hfb-above-header-display":"","ast-hfb-below-header-display":"","ast-hfb-mobile-header-display":"","site-post-title":"disabled","ast-breadcrumbs-content":"","ast-featured-img":"disabled","footer-sml-layout":"","theme-transparent-header-meta":"enabled","adv-header-id-meta":"","stick-header-meta":"default","header-above-stick-meta":"","header-main-stick-meta":"","header-below-stick-meta":"","astra-migrate-meta-layouts":"default","ast-page-background-enabled":"default","ast-page-background-meta":{"desktop":{"background-color":"","background-image":"","background-repeat":"repeat","background-position":"center center","background-size":"auto","background-attachment":"scroll","background-type":"","background-media":"","overlay-type":"","overlay-color":"","overlay-opacity":"","overlay-gradient":""},"tablet":{"background-color":"","background-image":"","background-repeat":"repeat","background-position":"center center","background-size":"auto","background-attachment":"scroll","background-type":"","background-media":"","overlay-type":"","overlay-color":"","overlay-opacity":"","overlay-gradient":""},"mobile":{"background-color":"","background-image":"","background-repeat":"repeat","background-position":"center center","background-size":"auto","background-attachment":"scroll","background-type":"","background-media":"","overlay-type":"","overlay-color":"","overlay-opacity":"","overlay-gradient":""}},"ast-content-background-meta":{"desktop":{"background-color":"var(--ast-global-color-5)","background-image":"","background-repeat":"repeat","background-position":"center center","background-size":"auto","background-attachment":"scroll","background-type":"","background-media":"","overlay-type":"","overlay-color":"","overlay-opacity":"","overlay-gradient":""},"tablet":{"background-color":"var(--ast-global-color-5)","background-image":"","background-repeat":"repeat","background-position":"center center","background-size":"auto","background-attachment":"scroll","background-type":"","background-media":"","overlay-type":"","overlay-color":"","overlay-opacity":"","overlay-gradient":""},"mobile":{"background-color":"var(--ast-global-color-5)","background-image":"","background-repeat":"repeat","background-position":"center center","background-size":"auto","background-attachment":"scroll","background-type":"","background-media":"","overlay-type":"","overlay-color":"","overlay-opacity":"","overlay-gradient":""}}},"yoast_head":"<!-- This site is optimized with the Yoast SEO plugin v17.9 - https:\/\/yoast.com\/wordpress\/plugins\/seo\/ -->\n<title>Bibliographie Napol\u00e9on. Guerre d\u00b4Ind\u00e9pendance Espagnole en Galice et La Corogne<\/title>\n<meta name=\"description\" content=\"Cette section inclut la liste des sources bibliographiques sur la pers\u00e9cution des troupes de Napol\u00e9on Bonaparte \u00e0 l\u2019arm\u00e9e britannique en Galice\" \/>\n<meta name=\"robots\" content=\"index, follow, max-snippet:-1, max-image-preview:large, max-video-preview:-1\" \/>\n<link rel=\"canonical\" href=\"https:\/\/napoleon.visitcoruna.com\/fr\/bibliographie\/\" \/>\n<meta property=\"og:locale\" content=\"fr_FR\" \/>\n<meta property=\"og:type\" content=\"article\" \/>\n<meta property=\"og:title\" content=\"Bibliographie Napol\u00e9on. Guerre d\u00b4Ind\u00e9pendance Espagnole en Galice et La Corogne\" \/>\n<meta property=\"og:description\" content=\"Cette section inclut la liste des sources bibliographiques sur la pers\u00e9cution des troupes de Napol\u00e9on Bonaparte \u00e0 l\u2019arm\u00e9e britannique en Galice\" \/>\n<meta property=\"og:url\" content=\"https:\/\/napoleon.visitcoruna.com\/fr\/bibliographie\/\" \/>\n<meta property=\"og:site_name\" content=\"Route historique Napol\u00e9on Sir John Moore La Corogne\" \/>\n<meta property=\"article:modified_time\" content=\"2022-01-18T09:23:45+00:00\" \/>\n<meta name=\"twitter:card\" content=\"summary\" \/>\n<meta name=\"twitter:label1\" content=\"Dur\u00e9e de lecture estim\u00e9e\" \/>\n\t<meta name=\"twitter:data1\" content=\"1 minute\" \/>\n<script type=\"application\/ld+json\" class=\"yoast-schema-graph\">{\"@context\":\"https:\/\/schema.org\",\"@graph\":[{\"@type\":\"WebSite\",\"@id\":\"https:\/\/napoleon.visitcoruna.com\/#website\",\"url\":\"https:\/\/napoleon.visitcoruna.com\/\",\"name\":\"Route historique Napol\\u00e9on Sir John Moore La Corogne\",\"description\":\"Points d'int\\u00e9r\\u00eat touristique \\u00e0 La Corogne \\u00e0 l'\\u00e9poque napol\\u00e9onienne et la guerre d'ind\\u00e9pendance\",\"potentialAction\":[{\"@type\":\"SearchAction\",\"target\":{\"@type\":\"EntryPoint\",\"urlTemplate\":\"https:\/\/napoleon.visitcoruna.com\/?s={search_term_string}\"},\"query-input\":\"required name=search_term_string\"}],\"inLanguage\":\"fr-FR\"},{\"@type\":\"WebPage\",\"@id\":\"https:\/\/napoleon.visitcoruna.com\/fr\/bibliographie\/#webpage\",\"url\":\"https:\/\/napoleon.visitcoruna.com\/fr\/bibliographie\/\",\"name\":\"Bibliographie Napol\\u00e9on. Guerre d\\u00b4Ind\\u00e9pendance Espagnole en Galice et La Corogne\",\"isPartOf\":{\"@id\":\"https:\/\/napoleon.visitcoruna.com\/#website\"},\"datePublished\":\"2021-12-03T22:16:35+00:00\",\"dateModified\":\"2022-01-18T09:23:45+00:00\",\"description\":\"Cette section inclut la liste des sources bibliographiques sur la pers\\u00e9cution des troupes de Napol\\u00e9on Bonaparte \\u00e0 l\\u2019arm\\u00e9e britannique en Galice\",\"breadcrumb\":{\"@id\":\"https:\/\/napoleon.visitcoruna.com\/fr\/bibliographie\/#breadcrumb\"},\"inLanguage\":\"fr-FR\",\"potentialAction\":[{\"@type\":\"ReadAction\",\"target\":[\"https:\/\/napoleon.visitcoruna.com\/fr\/bibliographie\/\"]}]},{\"@type\":\"BreadcrumbList\",\"@id\":\"https:\/\/napoleon.visitcoruna.com\/fr\/bibliographie\/#breadcrumb\",\"itemListElement\":[{\"@type\":\"ListItem\",\"position\":1,\"name\":\"Portada\",\"item\":\"https:\/\/napoleon.visitcoruna.com\/fr\/\"},{\"@type\":\"ListItem\",\"position\":2,\"name\":\"Bibliographie\"}]}]}<\/script>\n<!-- \/ Yoast SEO plugin. -->","yoast_head_json":{"title":"Bibliographie Napol\u00e9on. Guerre d\u00b4Ind\u00e9pendance Espagnole en Galice et La Corogne","description":"Cette section inclut la liste des sources bibliographiques sur la pers\u00e9cution des troupes de Napol\u00e9on Bonaparte \u00e0 l\u2019arm\u00e9e britannique en Galice","robots":{"index":"index","follow":"follow","max-snippet":"max-snippet:-1","max-image-preview":"max-image-preview:large","max-video-preview":"max-video-preview:-1"},"canonical":"https:\/\/napoleon.visitcoruna.com\/fr\/bibliographie\/","og_locale":"fr_FR","og_type":"article","og_title":"Bibliographie Napol\u00e9on. Guerre d\u00b4Ind\u00e9pendance Espagnole en Galice et La Corogne","og_description":"Cette section inclut la liste des sources bibliographiques sur la pers\u00e9cution des troupes de Napol\u00e9on Bonaparte \u00e0 l\u2019arm\u00e9e britannique en Galice","og_url":"https:\/\/napoleon.visitcoruna.com\/fr\/bibliographie\/","og_site_name":"Route historique Napol\u00e9on Sir John Moore La Corogne","article_modified_time":"2022-01-18T09:23:45+00:00","twitter_card":"summary","twitter_misc":{"Dur\u00e9e de lecture estim\u00e9e":"1 minute"},"schema":{"@context":"https:\/\/schema.org","@graph":[{"@type":"WebSite","@id":"https:\/\/napoleon.visitcoruna.com\/#website","url":"https:\/\/napoleon.visitcoruna.com\/","name":"Route historique Napol\u00e9on Sir John Moore La Corogne","description":"Points d'int\u00e9r\u00eat touristique \u00e0 La Corogne \u00e0 l'\u00e9poque napol\u00e9onienne et la guerre d'ind\u00e9pendance","potentialAction":[{"@type":"SearchAction","target":{"@type":"EntryPoint","urlTemplate":"https:\/\/napoleon.visitcoruna.com\/?s={search_term_string}"},"query-input":"required name=search_term_string"}],"inLanguage":"fr-FR"},{"@type":"WebPage","@id":"https:\/\/napoleon.visitcoruna.com\/fr\/bibliographie\/#webpage","url":"https:\/\/napoleon.visitcoruna.com\/fr\/bibliographie\/","name":"Bibliographie Napol\u00e9on. Guerre d\u00b4Ind\u00e9pendance Espagnole en Galice et La Corogne","isPartOf":{"@id":"https:\/\/napoleon.visitcoruna.com\/#website"},"datePublished":"2021-12-03T22:16:35+00:00","dateModified":"2022-01-18T09:23:45+00:00","description":"Cette section inclut la liste des sources bibliographiques sur la pers\u00e9cution des troupes de Napol\u00e9on Bonaparte \u00e0 l\u2019arm\u00e9e britannique en Galice","breadcrumb":{"@id":"https:\/\/napoleon.visitcoruna.com\/fr\/bibliographie\/#breadcrumb"},"inLanguage":"fr-FR","potentialAction":[{"@type":"ReadAction","target":["https:\/\/napoleon.visitcoruna.com\/fr\/bibliographie\/"]}]},{"@type":"BreadcrumbList","@id":"https:\/\/napoleon.visitcoruna.com\/fr\/bibliographie\/#breadcrumb","itemListElement":[{"@type":"ListItem","position":1,"name":"Portada","item":"https:\/\/napoleon.visitcoruna.com\/fr\/"},{"@type":"ListItem","position":2,"name":"Bibliographie"}]}]}},"_links":{"self":[{"href":"https:\/\/napoleon.visitcoruna.com\/fr\/wp-json\/wp\/v2\/pages\/3622"}],"collection":[{"href":"https:\/\/napoleon.visitcoruna.com\/fr\/wp-json\/wp\/v2\/pages"}],"about":[{"href":"https:\/\/napoleon.visitcoruna.com\/fr\/wp-json\/wp\/v2\/types\/page"}],"author":[{"embeddable":true,"href":"https:\/\/napoleon.visitcoruna.com\/fr\/wp-json\/wp\/v2\/users\/2"}],"replies":[{"embeddable":true,"href":"https:\/\/napoleon.visitcoruna.com\/fr\/wp-json\/wp\/v2\/comments?post=3622"}],"version-history":[{"count":1,"href":"https:\/\/napoleon.visitcoruna.com\/fr\/wp-json\/wp\/v2\/pages\/3622\/revisions"}],"predecessor-version":[{"id":3808,"href":"https:\/\/napoleon.visitcoruna.com\/fr\/wp-json\/wp\/v2\/pages\/3622\/revisions\/3808"}],"wp:attachment":[{"href":"https:\/\/napoleon.visitcoruna.com\/fr\/wp-json\/wp\/v2\/media?parent=3622"}],"curies":[{"name":"wp","href":"https:\/\/api.w.org\/{rel}","templated":true}]}}