{"id":3623,"date":"2017-10-06T05:59:35","date_gmt":"2017-10-06T03:59:35","guid":{"rendered":"https:\/\/napoleon.open-ideas.info\/home\/"},"modified":"2022-01-18T15:24:42","modified_gmt":"2022-01-18T14:24:42","slug":"home","status":"publish","type":"page","link":"https:\/\/napoleon.visitcoruna.com\/fr\/","title":{"rendered":"Accueil"},"content":{"rendered":"\n<h1>\n\t\tL&rsquo;\u00c9POP\u00c9E DE LA PERS\u00c9CUTION DES TROUPES DE NAPOL\u00c9ON BONAPARTE \u00c0 L&rsquo;ARM\u00c9E BRITANNIQUE EN GALICE\n\t<\/h1>\n\t\t\t<h1>Corogne<\/h1>\n\t\t\t\t<p>Corogne, Corogne, Corogne, r\u00e9p\u00e9taient dans leurs r\u00eaves les milliers d&rsquo;hommes qui, pendant trois mois, se sont poursuivis les uns les autres, au cours du long hiver de 1808. Toujours en direction de La Corogne.<\/p>\n\t\t\t<a href=\"https:\/\/napoleon.visitcoruna.com\/fr\/lhistoire\/#Les-Origines\" target=\"_self\" role=\"button\" aria-label=\"Lire plus\" rel=\"noopener\">\n\t\t\t\t\t\t\tLire plus\n\t\t<\/a>\n\t<iframe allowfullscreen allow=\"autoplay\" data-src=\"https:\/\/www.youtube.com\/embed\/emM8dll3ajM?feature=oembed&amp;start&amp;end&amp;wmode=opaque&amp;loop=0&amp;controls=1&amp;mute=0&amp;rel=0&amp;modestbranding=0\"><\/iframe>\t\t\n\t\t\t\t\tPlay Video\n\t\t\t<h1>JOHN MOORE<\/h1>\n\t\t\t\t<p>Pour l&rsquo;histoire et la l\u00e9gende restent les \u00e9chos de cette campagne o\u00f9 Napol\u00e9on Bonaparte poursuivit sans rel\u00e2che l&rsquo;arm\u00e9e anglaise et le g\u00e9n\u00e9ral John Moore, qui mourut dans notre ville, et dont la tombe dans les Jardins de Saint-Charles est le souvenir d&rsquo;une guerre qui marqua le destin de l&rsquo;Europe.<\/p>\n\t\t\t<a href=\"https:\/\/napoleon.visitcoruna.com\/fr\/lhistoire\/#L-impact-en-Espagne\" target=\"_self\" role=\"button\" aria-label=\"Lire plus\" rel=\"noopener\">\n\t\t\t\t\t\t\tLire plus\n\t\t<\/a>\n\n","protected":false},"excerpt":{"rendered":"<p>L&rsquo;\u00c9POP\u00c9E DE LA PERS\u00c9CUTION DES TROUPES DE NAPOL\u00c9ON BONAPARTE \u00c0 L&rsquo;ARM\u00c9E BRITANNIQUE EN GALICE Corogne Corogne, Corogne, Corogne, r\u00e9p\u00e9taient dans leurs r\u00eaves les milliers d&rsquo;hommes qui, pendant trois mois, se sont poursuivis les uns les autres, au cours du long hiver de 1808. Toujours en direction de La Corogne. Lire plus Play Video JOHN MOORE [&hellip;]<\/p>\n","protected":false},"author":2,"featured_media":0,"parent":0,"menu_order":0,"comment_status":"closed","ping_status":"closed","template":"","meta":{"site-sidebar-layout":"no-sidebar","site-content-layout":"page-builder","ast-site-content-layout":"default","site-content-style":"default","site-sidebar-style":"default","ast-global-header-display":"","ast-banner-title-visibility":"","ast-main-header-display":"","ast-hfb-above-header-display":"","ast-hfb-below-header-display":"","ast-hfb-mobile-header-display":"","site-post-title":"disabled","ast-breadcrumbs-content":"","ast-featured-img":"disabled","footer-sml-layout":"","theme-transparent-header-meta":"enabled","adv-header-id-meta":"","stick-header-meta":"default","header-above-stick-meta":"","header-main-stick-meta":"","header-below-stick-meta":"","astra-migrate-meta-layouts":"default","ast-page-background-enabled":"default","ast-page-background-meta":{"desktop":{"background-color":"","background-image":"","background-repeat":"repeat","background-position":"center center","background-size":"auto","background-attachment":"scroll","background-type":"","background-media":"","overlay-type":"","overlay-color":"","overlay-opacity":"","overlay-gradient":""},"tablet":{"background-color":"","background-image":"","background-repeat":"repeat","background-position":"center center","background-size":"auto","background-attachment":"scroll","background-type":"","background-media":"","overlay-type":"","overlay-color":"","overlay-opacity":"","overlay-gradient":""},"mobile":{"background-color":"","background-image":"","background-repeat":"repeat","background-position":"center center","background-size":"auto","background-attachment":"scroll","background-type":"","background-media":"","overlay-type":"","overlay-color":"","overlay-opacity":"","overlay-gradient":""}},"ast-content-background-meta":{"desktop":{"background-color":"var(--ast-global-color-5)","background-image":"","background-repeat":"repeat","background-position":"center center","background-size":"auto","background-attachment":"scroll","background-type":"","background-media":"","overlay-type":"","overlay-color":"","overlay-opacity":"","overlay-gradient":""},"tablet":{"background-color":"var(--ast-global-color-5)","background-image":"","background-repeat":"repeat","background-position":"center center","background-size":"auto","background-attachment":"scroll","background-type":"","background-media":"","overlay-type":"","overlay-color":"","overlay-opacity":"","overlay-gradient":""},"mobile":{"background-color":"var(--ast-global-color-5)","background-image":"","background-repeat":"repeat","background-position":"center center","background-size":"auto","background-attachment":"scroll","background-type":"","background-media":"","overlay-type":"","overlay-color":"","overlay-opacity":"","overlay-gradient":""}}},"yoast_head":"<!-- This site is optimized with the Yoast SEO plugin v17.9 - https:\/\/yoast.com\/wordpress\/plugins\/seo\/ -->\n<title>La pers\u00e9cution des troupes de Napol\u00e9on Bonaparte en Galice<\/title>\n<meta name=\"description\" content=\"D\u00e9couvrez le r\u00e9cit \u00e9pique des exploits de l&#039;arm\u00e9e de Napol\u00e9on Bonaparte \u00e0 la poursuite de l&#039;arm\u00e9e britannique en Galice. Toujours en direction de la Corogne\" \/>\n<meta name=\"robots\" content=\"index, follow, max-snippet:-1, max-image-preview:large, max-video-preview:-1\" \/>\n<link rel=\"canonical\" href=\"https:\/\/napoleon.visitcoruna.com\/fr\/\" \/>\n<meta property=\"og:locale\" content=\"fr_FR\" \/>\n<meta property=\"og:type\" content=\"article\" \/>\n<meta property=\"og:title\" content=\"La pers\u00e9cution des troupes de Napol\u00e9on Bonaparte en Galice\" \/>\n<meta property=\"og:description\" content=\"D\u00e9couvrez le r\u00e9cit \u00e9pique des exploits de l&#039;arm\u00e9e de Napol\u00e9on Bonaparte \u00e0 la poursuite de l&#039;arm\u00e9e britannique en Galice. Toujours en direction de la Corogne\" \/>\n<meta property=\"og:url\" content=\"https:\/\/napoleon.visitcoruna.com\/fr\/\" \/>\n<meta property=\"og:site_name\" content=\"Route historique Napol\u00e9on Sir John Moore La Corogne\" \/>\n<meta property=\"article:modified_time\" content=\"2022-01-18T14:24:42+00:00\" \/>\n<meta name=\"twitter:card\" content=\"summary\" \/>\n<meta name=\"twitter:label1\" content=\"Dur\u00e9e de lecture estim\u00e9e\" \/>\n\t<meta name=\"twitter:data1\" content=\"1 minute\" \/>\n<script type=\"application\/ld+json\" class=\"yoast-schema-graph\">{\"@context\":\"https:\/\/schema.org\",\"@graph\":[{\"@type\":\"WebSite\",\"@id\":\"https:\/\/napoleon.visitcoruna.com\/#website\",\"url\":\"https:\/\/napoleon.visitcoruna.com\/\",\"name\":\"Route historique Napol\\u00e9on Sir John Moore La Corogne\",\"description\":\"Points d'int\\u00e9r\\u00eat touristique \\u00e0 La Corogne \\u00e0 l'\\u00e9poque napol\\u00e9onienne et la guerre d'ind\\u00e9pendance\",\"potentialAction\":[{\"@type\":\"SearchAction\",\"target\":{\"@type\":\"EntryPoint\",\"urlTemplate\":\"https:\/\/napoleon.visitcoruna.com\/?s={search_term_string}\"},\"query-input\":\"required name=search_term_string\"}],\"inLanguage\":\"fr-FR\"},{\"@type\":\"WebPage\",\"@id\":\"https:\/\/napoleon.visitcoruna.com\/fr\/#webpage\",\"url\":\"https:\/\/napoleon.visitcoruna.com\/fr\/\",\"name\":\"La pers\\u00e9cution des troupes de Napol\\u00e9on Bonaparte en Galice\",\"isPartOf\":{\"@id\":\"https:\/\/napoleon.visitcoruna.com\/#website\"},\"datePublished\":\"2017-10-06T03:59:35+00:00\",\"dateModified\":\"2022-01-18T14:24:42+00:00\",\"description\":\"D\\u00e9couvrez le r\\u00e9cit \\u00e9pique des exploits de l'arm\\u00e9e de Napol\\u00e9on Bonaparte \\u00e0 la poursuite de l'arm\\u00e9e britannique en Galice. Toujours en direction de la Corogne\",\"breadcrumb\":{\"@id\":\"https:\/\/napoleon.visitcoruna.com\/fr\/#breadcrumb\"},\"inLanguage\":\"fr-FR\",\"potentialAction\":[{\"@type\":\"ReadAction\",\"target\":[\"https:\/\/napoleon.visitcoruna.com\/fr\/\"]}]},{\"@type\":\"BreadcrumbList\",\"@id\":\"https:\/\/napoleon.visitcoruna.com\/fr\/#breadcrumb\",\"itemListElement\":[{\"@type\":\"ListItem\",\"position\":1,\"name\":\"Portada\",\"item\":\"https:\/\/napoleon.visitcoruna.com\/fr\/\"},{\"@type\":\"ListItem\",\"position\":2,\"name\":\"Accueil\"}]}]}<\/script>\n<!-- \/ Yoast SEO plugin. -->","yoast_head_json":{"title":"La pers\u00e9cution des troupes de Napol\u00e9on Bonaparte en Galice","description":"D\u00e9couvrez le r\u00e9cit \u00e9pique des exploits de l'arm\u00e9e de Napol\u00e9on Bonaparte \u00e0 la poursuite de l'arm\u00e9e britannique en Galice. Toujours en direction de la Corogne","robots":{"index":"index","follow":"follow","max-snippet":"max-snippet:-1","max-image-preview":"max-image-preview:large","max-video-preview":"max-video-preview:-1"},"canonical":"https:\/\/napoleon.visitcoruna.com\/fr\/","og_locale":"fr_FR","og_type":"article","og_title":"La pers\u00e9cution des troupes de Napol\u00e9on Bonaparte en Galice","og_description":"D\u00e9couvrez le r\u00e9cit \u00e9pique des exploits de l'arm\u00e9e de Napol\u00e9on Bonaparte \u00e0 la poursuite de l'arm\u00e9e britannique en Galice. Toujours en direction de la Corogne","og_url":"https:\/\/napoleon.visitcoruna.com\/fr\/","og_site_name":"Route historique Napol\u00e9on Sir John Moore La Corogne","article_modified_time":"2022-01-18T14:24:42+00:00","twitter_card":"summary","twitter_misc":{"Dur\u00e9e de lecture estim\u00e9e":"1 minute"},"schema":{"@context":"https:\/\/schema.org","@graph":[{"@type":"WebSite","@id":"https:\/\/napoleon.visitcoruna.com\/#website","url":"https:\/\/napoleon.visitcoruna.com\/","name":"Route historique Napol\u00e9on Sir John Moore La Corogne","description":"Points d'int\u00e9r\u00eat touristique \u00e0 La Corogne \u00e0 l'\u00e9poque napol\u00e9onienne et la guerre d'ind\u00e9pendance","potentialAction":[{"@type":"SearchAction","target":{"@type":"EntryPoint","urlTemplate":"https:\/\/napoleon.visitcoruna.com\/?s={search_term_string}"},"query-input":"required name=search_term_string"}],"inLanguage":"fr-FR"},{"@type":"WebPage","@id":"https:\/\/napoleon.visitcoruna.com\/fr\/#webpage","url":"https:\/\/napoleon.visitcoruna.com\/fr\/","name":"La pers\u00e9cution des troupes de Napol\u00e9on Bonaparte en Galice","isPartOf":{"@id":"https:\/\/napoleon.visitcoruna.com\/#website"},"datePublished":"2017-10-06T03:59:35+00:00","dateModified":"2022-01-18T14:24:42+00:00","description":"D\u00e9couvrez le r\u00e9cit \u00e9pique des exploits de l'arm\u00e9e de Napol\u00e9on Bonaparte \u00e0 la poursuite de l'arm\u00e9e britannique en Galice. Toujours en direction de la Corogne","breadcrumb":{"@id":"https:\/\/napoleon.visitcoruna.com\/fr\/#breadcrumb"},"inLanguage":"fr-FR","potentialAction":[{"@type":"ReadAction","target":["https:\/\/napoleon.visitcoruna.com\/fr\/"]}]},{"@type":"BreadcrumbList","@id":"https:\/\/napoleon.visitcoruna.com\/fr\/#breadcrumb","itemListElement":[{"@type":"ListItem","position":1,"name":"Portada","item":"https:\/\/napoleon.visitcoruna.com\/fr\/"},{"@type":"ListItem","position":2,"name":"Accueil"}]}]}},"_links":{"self":[{"href":"https:\/\/napoleon.visitcoruna.com\/fr\/wp-json\/wp\/v2\/pages\/3623"}],"collection":[{"href":"https:\/\/napoleon.visitcoruna.com\/fr\/wp-json\/wp\/v2\/pages"}],"about":[{"href":"https:\/\/napoleon.visitcoruna.com\/fr\/wp-json\/wp\/v2\/types\/page"}],"author":[{"embeddable":true,"href":"https:\/\/napoleon.visitcoruna.com\/fr\/wp-json\/wp\/v2\/users\/2"}],"replies":[{"embeddable":true,"href":"https:\/\/napoleon.visitcoruna.com\/fr\/wp-json\/wp\/v2\/comments?post=3623"}],"version-history":[{"count":3,"href":"https:\/\/napoleon.visitcoruna.com\/fr\/wp-json\/wp\/v2\/pages\/3623\/revisions"}],"predecessor-version":[{"id":3814,"href":"https:\/\/napoleon.visitcoruna.com\/fr\/wp-json\/wp\/v2\/pages\/3623\/revisions\/3814"}],"wp:attachment":[{"href":"https:\/\/napoleon.visitcoruna.com\/fr\/wp-json\/wp\/v2\/media?parent=3623"}],"curies":[{"name":"wp","href":"https:\/\/api.w.org\/{rel}","templated":true}]}}