{"id":3624,"date":"2021-12-08T11:21:10","date_gmt":"2021-12-08T10:21:10","guid":{"rendered":"https:\/\/napoleon.open-ideas.info\/agradecimientos\/"},"modified":"2022-01-17T11:00:26","modified_gmt":"2022-01-17T10:00:26","slug":"merci","status":"publish","type":"page","link":"https:\/\/napoleon.visitcoruna.com\/fr\/merci\/","title":{"rendered":"Merci"},"content":{"rendered":"\n\n\t\t\t<h1>Merci<\/h1>\t\t\t\n<h3>\n\t\tNous tenons \u00e0 remercier Manuel Arenas et l&rsquo;Association Green Royal Jackets pour leur collaboration \u00e0 ce projet et \u00e0 la conservation et la diffusion du patrimoine historique de la ville.\n\t<\/h3>\n<h3>\n\t\tNous tenons \u00e9galement \u00e0 remercier l&rsquo;Association des amis du Mus\u00e9e d&rsquo;Histoire militaire de La Corogne, Francisco Vela Santiago et tant d&rsquo;amis de La Corogne qui, par leur contribution d\u00e9sint\u00e9ress\u00e9e, ont contribu\u00e9 \u00e0 maintenir vivante la m\u00e9moire d&rsquo;une \u00e9poque qui a eu un effet ind\u00e9l\u00e9bile sur le devenir de l&rsquo;histoire de l\u00b4Europe.\n\t<\/h3>\n\n","protected":false},"excerpt":{"rendered":"<p>Merci Nous tenons \u00e0 remercier Manuel Arenas et l&rsquo;Association Green Royal Jackets pour leur collaboration \u00e0 ce projet et \u00e0 la conservation et la diffusion du patrimoine historique de la ville. Nous tenons \u00e9galement \u00e0 remercier l&rsquo;Association des amis du Mus\u00e9e d&rsquo;Histoire militaire de La Corogne, Francisco Vela Santiago et tant d&rsquo;amis de La Corogne [&hellip;]<\/p>\n","protected":false},"author":2,"featured_media":0,"parent":0,"menu_order":0,"comment_status":"closed","ping_status":"closed","template":"","meta":{"site-sidebar-layout":"no-sidebar","site-content-layout":"page-builder","ast-site-content-layout":"default","site-content-style":"default","site-sidebar-style":"default","ast-global-header-display":"","ast-banner-title-visibility":"","ast-main-header-display":"","ast-hfb-above-header-display":"","ast-hfb-below-header-display":"","ast-hfb-mobile-header-display":"","site-post-title":"disabled","ast-breadcrumbs-content":"","ast-featured-img":"disabled","footer-sml-layout":"","theme-transparent-header-meta":"enabled","adv-header-id-meta":"","stick-header-meta":"default","header-above-stick-meta":"","header-main-stick-meta":"","header-below-stick-meta":"","astra-migrate-meta-layouts":"default","ast-page-background-enabled":"default","ast-page-background-meta":{"desktop":{"background-color":"","background-image":"","background-repeat":"repeat","background-position":"center center","background-size":"auto","background-attachment":"scroll","background-type":"","background-media":"","overlay-type":"","overlay-color":"","overlay-opacity":"","overlay-gradient":""},"tablet":{"background-color":"","background-image":"","background-repeat":"repeat","background-position":"center center","background-size":"auto","background-attachment":"scroll","background-type":"","background-media":"","overlay-type":"","overlay-color":"","overlay-opacity":"","overlay-gradient":""},"mobile":{"background-color":"","background-image":"","background-repeat":"repeat","background-position":"center center","background-size":"auto","background-attachment":"scroll","background-type":"","background-media":"","overlay-type":"","overlay-color":"","overlay-opacity":"","overlay-gradient":""}},"ast-content-background-meta":{"desktop":{"background-color":"var(--ast-global-color-5)","background-image":"","background-repeat":"repeat","background-position":"center center","background-size":"auto","background-attachment":"scroll","background-type":"","background-media":"","overlay-type":"","overlay-color":"","overlay-opacity":"","overlay-gradient":""},"tablet":{"background-color":"var(--ast-global-color-5)","background-image":"","background-repeat":"repeat","background-position":"center center","background-size":"auto","background-attachment":"scroll","background-type":"","background-media":"","overlay-type":"","overlay-color":"","overlay-opacity":"","overlay-gradient":""},"mobile":{"background-color":"var(--ast-global-color-5)","background-image":"","background-repeat":"repeat","background-position":"center center","background-size":"auto","background-attachment":"scroll","background-type":"","background-media":"","overlay-type":"","overlay-color":"","overlay-opacity":"","overlay-gradient":""}}},"yoast_head":"<!-- This site is optimized with the Yoast SEO plugin v17.9 - https:\/\/yoast.com\/wordpress\/plugins\/seo\/ -->\n<title>Merci - Route historique Napol\u00e9on Sir John Moore La Corogne<\/title>\n<meta name=\"robots\" content=\"index, follow, max-snippet:-1, max-image-preview:large, max-video-preview:-1\" \/>\n<link rel=\"canonical\" href=\"https:\/\/napoleon.visitcoruna.com\/fr\/merci\/\" \/>\n<meta property=\"og:locale\" content=\"fr_FR\" \/>\n<meta property=\"og:type\" content=\"article\" \/>\n<meta property=\"og:title\" content=\"Merci - Route historique Napol\u00e9on Sir John Moore La Corogne\" \/>\n<meta property=\"og:description\" content=\"Merci Nous tenons \u00e0 remercier Manuel Arenas et l&rsquo;Association Green Royal Jackets pour leur collaboration \u00e0 ce projet et \u00e0 la conservation et la diffusion du patrimoine historique de la ville. Nous tenons \u00e9galement \u00e0 remercier l&rsquo;Association des amis du Mus\u00e9e d&rsquo;Histoire militaire de La Corogne, Francisco Vela Santiago et tant d&rsquo;amis de La Corogne [&hellip;]\" \/>\n<meta property=\"og:url\" content=\"https:\/\/napoleon.visitcoruna.com\/fr\/merci\/\" \/>\n<meta property=\"og:site_name\" content=\"Route historique Napol\u00e9on Sir John Moore La Corogne\" \/>\n<meta property=\"article:modified_time\" content=\"2022-01-17T10:00:26+00:00\" \/>\n<meta name=\"twitter:card\" content=\"summary\" \/>\n<script type=\"application\/ld+json\" class=\"yoast-schema-graph\">{\"@context\":\"https:\/\/schema.org\",\"@graph\":[{\"@type\":\"WebSite\",\"@id\":\"https:\/\/napoleon.visitcoruna.com\/#website\",\"url\":\"https:\/\/napoleon.visitcoruna.com\/\",\"name\":\"Route historique Napol\\u00e9on Sir John Moore La Corogne\",\"description\":\"Points d'int\\u00e9r\\u00eat touristique \\u00e0 La Corogne \\u00e0 l'\\u00e9poque napol\\u00e9onienne et la guerre d'ind\\u00e9pendance\",\"potentialAction\":[{\"@type\":\"SearchAction\",\"target\":{\"@type\":\"EntryPoint\",\"urlTemplate\":\"https:\/\/napoleon.visitcoruna.com\/?s={search_term_string}\"},\"query-input\":\"required name=search_term_string\"}],\"inLanguage\":\"fr-FR\"},{\"@type\":\"WebPage\",\"@id\":\"https:\/\/napoleon.visitcoruna.com\/fr\/merci\/#webpage\",\"url\":\"https:\/\/napoleon.visitcoruna.com\/fr\/merci\/\",\"name\":\"Merci - Route historique Napol\\u00e9on Sir John Moore La Corogne\",\"isPartOf\":{\"@id\":\"https:\/\/napoleon.visitcoruna.com\/#website\"},\"datePublished\":\"2021-12-08T10:21:10+00:00\",\"dateModified\":\"2022-01-17T10:00:26+00:00\",\"breadcrumb\":{\"@id\":\"https:\/\/napoleon.visitcoruna.com\/fr\/merci\/#breadcrumb\"},\"inLanguage\":\"fr-FR\",\"potentialAction\":[{\"@type\":\"ReadAction\",\"target\":[\"https:\/\/napoleon.visitcoruna.com\/fr\/merci\/\"]}]},{\"@type\":\"BreadcrumbList\",\"@id\":\"https:\/\/napoleon.visitcoruna.com\/fr\/merci\/#breadcrumb\",\"itemListElement\":[{\"@type\":\"ListItem\",\"position\":1,\"name\":\"Portada\",\"item\":\"https:\/\/napoleon.visitcoruna.com\/fr\/\"},{\"@type\":\"ListItem\",\"position\":2,\"name\":\"Merci\"}]}]}<\/script>\n<!-- \/ Yoast SEO plugin. -->","yoast_head_json":{"title":"Merci - Route historique Napol\u00e9on Sir John Moore La Corogne","robots":{"index":"index","follow":"follow","max-snippet":"max-snippet:-1","max-image-preview":"max-image-preview:large","max-video-preview":"max-video-preview:-1"},"canonical":"https:\/\/napoleon.visitcoruna.com\/fr\/merci\/","og_locale":"fr_FR","og_type":"article","og_title":"Merci - Route historique Napol\u00e9on Sir John Moore La Corogne","og_description":"Merci Nous tenons \u00e0 remercier Manuel Arenas et l&rsquo;Association Green Royal Jackets pour leur collaboration \u00e0 ce projet et \u00e0 la conservation et la diffusion du patrimoine historique de la ville. Nous tenons \u00e9galement \u00e0 remercier l&rsquo;Association des amis du Mus\u00e9e d&rsquo;Histoire militaire de La Corogne, Francisco Vela Santiago et tant d&rsquo;amis de La Corogne [&hellip;]","og_url":"https:\/\/napoleon.visitcoruna.com\/fr\/merci\/","og_site_name":"Route historique Napol\u00e9on Sir John Moore La Corogne","article_modified_time":"2022-01-17T10:00:26+00:00","twitter_card":"summary","schema":{"@context":"https:\/\/schema.org","@graph":[{"@type":"WebSite","@id":"https:\/\/napoleon.visitcoruna.com\/#website","url":"https:\/\/napoleon.visitcoruna.com\/","name":"Route historique Napol\u00e9on Sir John Moore La Corogne","description":"Points d'int\u00e9r\u00eat touristique \u00e0 La Corogne \u00e0 l'\u00e9poque napol\u00e9onienne et la guerre d'ind\u00e9pendance","potentialAction":[{"@type":"SearchAction","target":{"@type":"EntryPoint","urlTemplate":"https:\/\/napoleon.visitcoruna.com\/?s={search_term_string}"},"query-input":"required name=search_term_string"}],"inLanguage":"fr-FR"},{"@type":"WebPage","@id":"https:\/\/napoleon.visitcoruna.com\/fr\/merci\/#webpage","url":"https:\/\/napoleon.visitcoruna.com\/fr\/merci\/","name":"Merci - Route historique Napol\u00e9on Sir John Moore La Corogne","isPartOf":{"@id":"https:\/\/napoleon.visitcoruna.com\/#website"},"datePublished":"2021-12-08T10:21:10+00:00","dateModified":"2022-01-17T10:00:26+00:00","breadcrumb":{"@id":"https:\/\/napoleon.visitcoruna.com\/fr\/merci\/#breadcrumb"},"inLanguage":"fr-FR","potentialAction":[{"@type":"ReadAction","target":["https:\/\/napoleon.visitcoruna.com\/fr\/merci\/"]}]},{"@type":"BreadcrumbList","@id":"https:\/\/napoleon.visitcoruna.com\/fr\/merci\/#breadcrumb","itemListElement":[{"@type":"ListItem","position":1,"name":"Portada","item":"https:\/\/napoleon.visitcoruna.com\/fr\/"},{"@type":"ListItem","position":2,"name":"Merci"}]}]}},"_links":{"self":[{"href":"https:\/\/napoleon.visitcoruna.com\/fr\/wp-json\/wp\/v2\/pages\/3624"}],"collection":[{"href":"https:\/\/napoleon.visitcoruna.com\/fr\/wp-json\/wp\/v2\/pages"}],"about":[{"href":"https:\/\/napoleon.visitcoruna.com\/fr\/wp-json\/wp\/v2\/types\/page"}],"author":[{"embeddable":true,"href":"https:\/\/napoleon.visitcoruna.com\/fr\/wp-json\/wp\/v2\/users\/2"}],"replies":[{"embeddable":true,"href":"https:\/\/napoleon.visitcoruna.com\/fr\/wp-json\/wp\/v2\/comments?post=3624"}],"version-history":[{"count":2,"href":"https:\/\/napoleon.visitcoruna.com\/fr\/wp-json\/wp\/v2\/pages\/3624\/revisions"}],"predecessor-version":[{"id":3800,"href":"https:\/\/napoleon.visitcoruna.com\/fr\/wp-json\/wp\/v2\/pages\/3624\/revisions\/3800"}],"wp:attachment":[{"href":"https:\/\/napoleon.visitcoruna.com\/fr\/wp-json\/wp\/v2\/media?parent=3624"}],"curies":[{"name":"wp","href":"https:\/\/api.w.org\/{rel}","templated":true}]}}