{"id":3718,"date":"2021-12-07T13:56:30","date_gmt":"2021-12-07T12:56:30","guid":{"rendered":"https:\/\/napoleon.open-ideas.info\/politica-cookies\/"},"modified":"2022-01-13T16:25:19","modified_gmt":"2022-01-13T15:25:19","slug":"politique-de-cookies","status":"publish","type":"page","link":"https:\/\/napoleon.visitcoruna.com\/fr\/politique-de-cookies\/","title":{"rendered":"Politique de cookies"},"content":{"rendered":"\n\n\t\t\t<h1>Politique de cookies <\/h1>\t\t\t\n\t<p>Un cookie est un fichier qui est t\u00e9l\u00e9charg\u00e9 sur votre ordinateur lorsque vous acc\u00e9dez \u00e0 certaines pages Web. Les cookies permettent aux pages Web, entre autres, de stocker et de r\u00e9cup\u00e9rer des informations sur les habitudes de navigation d&rsquo;un utilisateur ou de son \u00e9quipement et, en fonction des informations qu&rsquo;ils contiennent et de la mani\u00e8re dont ils utilisent leur \u00e9quipement, ils peuvent \u00eatre utilis\u00e9s pour reconna\u00eetre l&rsquo;utilisateur.<\/p>\n<ul>\n<li><strong>Cookies t\u00e9cniques:<\/strong>\u00a0Ce sont ceux qui permettent \u00e0 l&rsquo;utilisateur de naviguer sur une page Web, une plate-forme ou une application et d&rsquo;utiliser les diff\u00e9rentes options ou services qui y existent, tels que, par exemple, le contr\u00f4le du trafic et de la communication de donn\u00e9es, l&rsquo;identification de la session, l&rsquo;acc\u00e8s aux parties d&rsquo;acc\u00e8s restreint, m\u00e9moriser les \u00e9l\u00e9ments qui composent une commande, effectuer le processus d&rsquo;achat d&rsquo;une commande, faire la demande d&rsquo;inscription ou de participation \u00e0 un \u00e9v\u00e9nement, utiliser des \u00e9l\u00e9ments de s\u00e9curit\u00e9 lors de la navigation, stocker du contenu pour diffuser des vid\u00e9os ou du son ou partager du contenu via les r\u00e9seaux sociaux.<\/li>\n<li><strong>Cookies de personnalization :<\/strong>\u00a0Ce sont ceux qui permettent \u00e0 l&rsquo;utilisateur d&rsquo;acc\u00e9der au service avec certaines caract\u00e9ristiques g\u00e9n\u00e9rales pr\u00e9d\u00e9finies sur la base d&rsquo;une s\u00e9rie de crit\u00e8res dans le terminal de l&rsquo;utilisateur, tels que la langue, le type de navigateur via lequel l&rsquo;utilisateur acc\u00e8de au service, la localisation d&rsquo;o\u00f9 vous acc\u00e9dez au service, etc.<\/li>\n<li><strong>Cookies d\u00b4analyse :<\/strong>\u00a0Ce sont ceux qui permettent \u00e0 leur responsable de surveiller et d&rsquo;analyser le comportement des utilisateurs des sites Internet auxquels ils sont li\u00e9s. Les informations collect\u00e9es au moyen de ce type de cookies sont utilis\u00e9es pour mesurer l&rsquo;activit\u00e9 des sites Web, des applications ou des plates-formes et pour l&rsquo;\u00e9laboration des profils de navigation des utilisateurs desdits sites, applications et plates-formes, afin d&rsquo;apporter des am\u00e9liorations en fonction de la l&rsquo;analyse des donn\u00e9es d&rsquo;utilisation faite par les utilisateurs du service.<\/li>\n<li><strong>Cookies publicitaires :<\/strong>\u00a0Ce sont ceux qui permettent la gestion, de la mani\u00e8re la plus efficace possible, des espaces publicitaires que, le cas \u00e9ch\u00e9ant, l&rsquo;\u00e9diteur a inclus dans une page Web, une application ou une plate-forme \u00e0 partir de laquelle le service demand\u00e9 est fourni sur la base de crit\u00e8res tels que le contenu modifi\u00e9 ou la fr\u00e9quence d&rsquo;affichage des annonces.<\/li>\n<li><strong>Cookies de publicit\u00e9 comportementale<\/strong> : Ce sont ceux qui permettent la gestion, de la mani\u00e8re la plus efficace possible, des espaces publicitaires que, le cas \u00e9ch\u00e9ant, l&rsquo;\u00e9diteur a inclus dans une page Web, une application ou une plate-forme \u00e0 partir de laquelle le service demand\u00e9 est fourni. Ces cookies stockent des informations sur le comportement des utilisateurs obtenues gr\u00e2ce \u00e0 l&rsquo;observation continue de leurs habitudes de navigation, ce qui permet le d\u00e9veloppement d&rsquo;un profil sp\u00e9cifique pour afficher des publicit\u00e9s bas\u00e9es sur celui-ci.<\/li>\n<\/ul>\n<h4><strong>COMMENT BLOQUER OU SUPPRIMER LES COOKIES INSTALLES SUR VOTRE EQUIPEMENT <\/strong><\/h4>\n<p>Si vous pr\u00e9f\u00e9rez ne pas activer les cookies, vous pouvez les bloquer ou les supprimer dans votre navigateur\u00a0:<\/p>\n<ul>\n<li><a title=\"como administrar cookies en Google Chrome\" href=\"http:\/\/support.google.com\/chrome\/bin\/answer.py?hl=es&amp;answer=95647\" target=\"_blank\" rel=\"noopener\">Google Chrome<\/a><\/li>\n<li><a title=\"como administrar cookies en Microsoft Internet Explorer\" href=\"http:\/\/windows.microsoft.com\/es-es\/internet-explorer\/delete-manage-cookies#ie=ie-10\" target=\"_blank\" rel=\"noopener\">Microsoft Internet Explorer<\/a><\/li>\n<li><a title=\"como administrar cookies en Mozilla FireFox\" href=\"http:\/\/support.mozilla.org\/es\/kb\/habilitar-y-deshabilitar-cookies-que-los-sitios-we\" target=\"_blank\" rel=\"noopener\">Mozilla FireFox<\/a><\/li>\n<li><a title=\"como administrar cookies en Apple Safari\" href=\"https:\/\/support.apple.com\/kb\/ph17191?locale=es_ES\" target=\"_blank\" rel=\"noopener\">Apple Safari<\/a><\/li>\n<\/ul>\n<h4>Cookies utilis\u00e9s sur ce site Web.<\/h4>\n<table>\n<thead>\n<tr>\n<td colspan=\"5\">Propre<\/td>\n<\/tr>\n<\/thead>\n<tbody>\n<tr>\n<td><strong>NOM<\/strong><\/td>\n<td><strong>TAPER<\/strong><\/td>\n<td><strong>PROPRI\u00c9TAIRE<\/strong><\/td>\n<td><strong>EXPIRATION<\/strong><\/td>\n<td><strong>UNE FONCTION<\/strong><\/td>\n<\/tr>\n<tr>\n<td>cookielawinfo-checkbox-necessary<br \/>\ncookielawinfo-checkbox-non-necessary<br \/>\ncookielawinfo-checkbox-personalizacion<br \/>\ncookielawinfo-checkbox-analiticas<br \/>\ncookielawinfo-checkbox-publicitarias<\/td>\n<td>Technique<\/td>\n<td>napoleon.visitcoruna.com<\/td>\n<td>1 an<\/td>\n<td>Ce cookie est d\u00e9fini par le plugin GDPR Cookie Consent et est utilis\u00e9 pour stocker le consentement de l&rsquo;utilisateur pour les cookies dans les cat\u00e9gories<\/td>\n<\/tr>\n<tr>\n<td>CookieLawInfoConsent<\/td>\n<td>Technique<\/td>\n<td>napoleon.visitcoruna.com<\/td>\n<td>1 an<\/td>\n<td>Ce cookie est utilis\u00e9 pour enregistrer les pr\u00e9f\u00e9rences de cookies<\/td>\n<\/tr>\n<tr>\n<td>viewed_cookie_policy<\/td>\n<td>Technique<\/td>\n<td>napoleon.visitcoruna.com<\/td>\n<td>1 an<\/td>\n<td>Ce cookie est utilis\u00e9 pour enregistrer les pr\u00e9f\u00e9rences de cookies<\/td>\n<\/tr>\n<tr>\n<td>wp-wpml_current_language<\/td>\n<td>Personnalisation<\/td>\n<td>napoleon.visitcoruna.com<\/td>\n<td>Session<\/td>\n<td>Enregistre la langue actuelle. Ce cookie est activ\u00e9 par d\u00e9faut sur les sites qui utilisent la fonction de filtrage linguistique pour les op\u00e9rations AJAX.<\/td>\n<\/tr>\n<tr>\n<td>cli_user_preference<\/td>\n<td>Technique<\/td>\n<td>napoleon.visitcoruna.com<\/td>\n<td>1 an<\/td>\n<td>Ce cookie est enregistr\u00e9 par le plugin GDPR Cookie Consent et est utilis\u00e9 pour enregistrer si l&rsquo;utilisateur a consenti ou non \u00e0 l&rsquo;utilisation de cookies. Il ne stocke aucune donn\u00e9e personnelle.<\/td>\n<\/tr>\n<\/tbody>\n<\/table>\n\n","protected":false},"excerpt":{"rendered":"<p>Politique de cookies Un cookie est un fichier qui est t\u00e9l\u00e9charg\u00e9 sur votre ordinateur lorsque vous acc\u00e9dez \u00e0 certaines pages Web. Les cookies permettent aux pages Web, entre autres, de stocker et de r\u00e9cup\u00e9rer des informations sur les habitudes de navigation d&rsquo;un utilisateur ou de son \u00e9quipement et, en fonction des informations qu&rsquo;ils contiennent et [&hellip;]<\/p>\n","protected":false},"author":2,"featured_media":0,"parent":0,"menu_order":0,"comment_status":"closed","ping_status":"closed","template":"","meta":{"site-sidebar-layout":"no-sidebar","site-content-layout":"page-builder","ast-site-content-layout":"default","site-content-style":"default","site-sidebar-style":"default","ast-global-header-display":"","ast-banner-title-visibility":"","ast-main-header-display":"","ast-hfb-above-header-display":"","ast-hfb-below-header-display":"","ast-hfb-mobile-header-display":"","site-post-title":"disabled","ast-breadcrumbs-content":"","ast-featured-img":"disabled","footer-sml-layout":"","theme-transparent-header-meta":"enabled","adv-header-id-meta":"","stick-header-meta":"default","header-above-stick-meta":"","header-main-stick-meta":"","header-below-stick-meta":"","astra-migrate-meta-layouts":"default","ast-page-background-enabled":"default","ast-page-background-meta":{"desktop":{"background-color":"","background-image":"","background-repeat":"repeat","background-position":"center center","background-size":"auto","background-attachment":"scroll","background-type":"","background-media":"","overlay-type":"","overlay-color":"","overlay-opacity":"","overlay-gradient":""},"tablet":{"background-color":"","background-image":"","background-repeat":"repeat","background-position":"center center","background-size":"auto","background-attachment":"scroll","background-type":"","background-media":"","overlay-type":"","overlay-color":"","overlay-opacity":"","overlay-gradient":""},"mobile":{"background-color":"","background-image":"","background-repeat":"repeat","background-position":"center center","background-size":"auto","background-attachment":"scroll","background-type":"","background-media":"","overlay-type":"","overlay-color":"","overlay-opacity":"","overlay-gradient":""}},"ast-content-background-meta":{"desktop":{"background-color":"var(--ast-global-color-5)","background-image":"","background-repeat":"repeat","background-position":"center center","background-size":"auto","background-attachment":"scroll","background-type":"","background-media":"","overlay-type":"","overlay-color":"","overlay-opacity":"","overlay-gradient":""},"tablet":{"background-color":"var(--ast-global-color-5)","background-image":"","background-repeat":"repeat","background-position":"center center","background-size":"auto","background-attachment":"scroll","background-type":"","background-media":"","overlay-type":"","overlay-color":"","overlay-opacity":"","overlay-gradient":""},"mobile":{"background-color":"var(--ast-global-color-5)","background-image":"","background-repeat":"repeat","background-position":"center center","background-size":"auto","background-attachment":"scroll","background-type":"","background-media":"","overlay-type":"","overlay-color":"","overlay-opacity":"","overlay-gradient":""}}},"yoast_head":"<!-- This site is optimized with the Yoast SEO plugin v17.9 - https:\/\/yoast.com\/wordpress\/plugins\/seo\/ -->\n<title>Politique de cookies - Route historique Napol\u00e9on Sir John Moore La Corogne<\/title>\n<meta name=\"robots\" content=\"index, follow, max-snippet:-1, max-image-preview:large, max-video-preview:-1\" \/>\n<link rel=\"canonical\" href=\"https:\/\/napoleon.visitcoruna.com\/fr\/politique-de-cookies\/\" \/>\n<meta property=\"og:locale\" content=\"fr_FR\" \/>\n<meta property=\"og:type\" content=\"article\" \/>\n<meta property=\"og:title\" content=\"Politique de cookies - Route historique Napol\u00e9on Sir John Moore La Corogne\" \/>\n<meta property=\"og:description\" content=\"Politique de cookies Un cookie est un fichier qui est t\u00e9l\u00e9charg\u00e9 sur votre ordinateur lorsque vous acc\u00e9dez \u00e0 certaines pages Web. Les cookies permettent aux pages Web, entre autres, de stocker et de r\u00e9cup\u00e9rer des informations sur les habitudes de navigation d&rsquo;un utilisateur ou de son \u00e9quipement et, en fonction des informations qu&rsquo;ils contiennent et [&hellip;]\" \/>\n<meta property=\"og:url\" content=\"https:\/\/napoleon.visitcoruna.com\/fr\/politique-de-cookies\/\" \/>\n<meta property=\"og:site_name\" content=\"Route historique Napol\u00e9on Sir John Moore La Corogne\" \/>\n<meta property=\"article:modified_time\" content=\"2022-01-13T15:25:19+00:00\" \/>\n<meta name=\"twitter:card\" content=\"summary\" \/>\n<meta name=\"twitter:label1\" content=\"Dur\u00e9e de lecture estim\u00e9e\" \/>\n\t<meta name=\"twitter:data1\" content=\"3 minutes\" \/>\n<script type=\"application\/ld+json\" class=\"yoast-schema-graph\">{\"@context\":\"https:\/\/schema.org\",\"@graph\":[{\"@type\":\"WebSite\",\"@id\":\"https:\/\/napoleon.visitcoruna.com\/#website\",\"url\":\"https:\/\/napoleon.visitcoruna.com\/\",\"name\":\"Route historique Napol\\u00e9on Sir John Moore La Corogne\",\"description\":\"Points d'int\\u00e9r\\u00eat touristique \\u00e0 La Corogne \\u00e0 l'\\u00e9poque napol\\u00e9onienne et la guerre d'ind\\u00e9pendance\",\"potentialAction\":[{\"@type\":\"SearchAction\",\"target\":{\"@type\":\"EntryPoint\",\"urlTemplate\":\"https:\/\/napoleon.visitcoruna.com\/?s={search_term_string}\"},\"query-input\":\"required name=search_term_string\"}],\"inLanguage\":\"fr-FR\"},{\"@type\":\"WebPage\",\"@id\":\"https:\/\/napoleon.visitcoruna.com\/fr\/politique-de-cookies\/#webpage\",\"url\":\"https:\/\/napoleon.visitcoruna.com\/fr\/politique-de-cookies\/\",\"name\":\"Politique de cookies - Route historique Napol\\u00e9on Sir John Moore La Corogne\",\"isPartOf\":{\"@id\":\"https:\/\/napoleon.visitcoruna.com\/#website\"},\"datePublished\":\"2021-12-07T12:56:30+00:00\",\"dateModified\":\"2022-01-13T15:25:19+00:00\",\"breadcrumb\":{\"@id\":\"https:\/\/napoleon.visitcoruna.com\/fr\/politique-de-cookies\/#breadcrumb\"},\"inLanguage\":\"fr-FR\",\"potentialAction\":[{\"@type\":\"ReadAction\",\"target\":[\"https:\/\/napoleon.visitcoruna.com\/fr\/politique-de-cookies\/\"]}]},{\"@type\":\"BreadcrumbList\",\"@id\":\"https:\/\/napoleon.visitcoruna.com\/fr\/politique-de-cookies\/#breadcrumb\",\"itemListElement\":[{\"@type\":\"ListItem\",\"position\":1,\"name\":\"Portada\",\"item\":\"https:\/\/napoleon.visitcoruna.com\/fr\/\"},{\"@type\":\"ListItem\",\"position\":2,\"name\":\"Politique de cookies\"}]}]}<\/script>\n<!-- \/ Yoast SEO plugin. -->","yoast_head_json":{"title":"Politique de cookies - Route historique Napol\u00e9on Sir John Moore La Corogne","robots":{"index":"index","follow":"follow","max-snippet":"max-snippet:-1","max-image-preview":"max-image-preview:large","max-video-preview":"max-video-preview:-1"},"canonical":"https:\/\/napoleon.visitcoruna.com\/fr\/politique-de-cookies\/","og_locale":"fr_FR","og_type":"article","og_title":"Politique de cookies - Route historique Napol\u00e9on Sir John Moore La Corogne","og_description":"Politique de cookies Un cookie est un fichier qui est t\u00e9l\u00e9charg\u00e9 sur votre ordinateur lorsque vous acc\u00e9dez \u00e0 certaines pages Web. Les cookies permettent aux pages Web, entre autres, de stocker et de r\u00e9cup\u00e9rer des informations sur les habitudes de navigation d&rsquo;un utilisateur ou de son \u00e9quipement et, en fonction des informations qu&rsquo;ils contiennent et [&hellip;]","og_url":"https:\/\/napoleon.visitcoruna.com\/fr\/politique-de-cookies\/","og_site_name":"Route historique Napol\u00e9on Sir John Moore La Corogne","article_modified_time":"2022-01-13T15:25:19+00:00","twitter_card":"summary","twitter_misc":{"Dur\u00e9e de lecture estim\u00e9e":"3 minutes"},"schema":{"@context":"https:\/\/schema.org","@graph":[{"@type":"WebSite","@id":"https:\/\/napoleon.visitcoruna.com\/#website","url":"https:\/\/napoleon.visitcoruna.com\/","name":"Route historique Napol\u00e9on Sir John Moore La Corogne","description":"Points d'int\u00e9r\u00eat touristique \u00e0 La Corogne \u00e0 l'\u00e9poque napol\u00e9onienne et la guerre d'ind\u00e9pendance","potentialAction":[{"@type":"SearchAction","target":{"@type":"EntryPoint","urlTemplate":"https:\/\/napoleon.visitcoruna.com\/?s={search_term_string}"},"query-input":"required name=search_term_string"}],"inLanguage":"fr-FR"},{"@type":"WebPage","@id":"https:\/\/napoleon.visitcoruna.com\/fr\/politique-de-cookies\/#webpage","url":"https:\/\/napoleon.visitcoruna.com\/fr\/politique-de-cookies\/","name":"Politique de cookies - Route historique Napol\u00e9on Sir John Moore La Corogne","isPartOf":{"@id":"https:\/\/napoleon.visitcoruna.com\/#website"},"datePublished":"2021-12-07T12:56:30+00:00","dateModified":"2022-01-13T15:25:19+00:00","breadcrumb":{"@id":"https:\/\/napoleon.visitcoruna.com\/fr\/politique-de-cookies\/#breadcrumb"},"inLanguage":"fr-FR","potentialAction":[{"@type":"ReadAction","target":["https:\/\/napoleon.visitcoruna.com\/fr\/politique-de-cookies\/"]}]},{"@type":"BreadcrumbList","@id":"https:\/\/napoleon.visitcoruna.com\/fr\/politique-de-cookies\/#breadcrumb","itemListElement":[{"@type":"ListItem","position":1,"name":"Portada","item":"https:\/\/napoleon.visitcoruna.com\/fr\/"},{"@type":"ListItem","position":2,"name":"Politique de cookies"}]}]}},"_links":{"self":[{"href":"https:\/\/napoleon.visitcoruna.com\/fr\/wp-json\/wp\/v2\/pages\/3718"}],"collection":[{"href":"https:\/\/napoleon.visitcoruna.com\/fr\/wp-json\/wp\/v2\/pages"}],"about":[{"href":"https:\/\/napoleon.visitcoruna.com\/fr\/wp-json\/wp\/v2\/types\/page"}],"author":[{"embeddable":true,"href":"https:\/\/napoleon.visitcoruna.com\/fr\/wp-json\/wp\/v2\/users\/2"}],"replies":[{"embeddable":true,"href":"https:\/\/napoleon.visitcoruna.com\/fr\/wp-json\/wp\/v2\/comments?post=3718"}],"version-history":[{"count":1,"href":"https:\/\/napoleon.visitcoruna.com\/fr\/wp-json\/wp\/v2\/pages\/3718\/revisions"}],"predecessor-version":[{"id":3779,"href":"https:\/\/napoleon.visitcoruna.com\/fr\/wp-json\/wp\/v2\/pages\/3718\/revisions\/3779"}],"wp:attachment":[{"href":"https:\/\/napoleon.visitcoruna.com\/fr\/wp-json\/wp\/v2\/media?parent=3718"}],"curies":[{"name":"wp","href":"https:\/\/api.w.org\/{rel}","templated":true}]}}