{"id":3720,"date":"2021-12-07T13:55:08","date_gmt":"2021-12-07T12:55:08","guid":{"rendered":"https:\/\/napoleon.open-ideas.info\/aviso-legal\/"},"modified":"2022-01-12T09:52:27","modified_gmt":"2022-01-12T08:52:27","slug":"avis-juridique","status":"publish","type":"page","link":"https:\/\/napoleon.visitcoruna.com\/fr\/avis-juridique\/","title":{"rendered":"Avis Juridique"},"content":{"rendered":"\n\n\t\t\t<h1>Avis Juridique<\/h1>\t\t\t\n\t<h3>PROPRI\u00c9T\u00c9 DU SITE WEB<\/h3>\n<p>Conform\u00e9ment \u00e0 la loi sur les services de la soci\u00e9t\u00e9 de l&rsquo;information et du commerce \u00e9lectronique (LSSICE), loi 34\/2002 du 12 octobre, les informations g\u00e9n\u00e9rales suivantes sur ce site Web sont fournies\u00a0:<\/p>\n<strong>Domaine:\u00a0<\/strong><a title=\"Web de Turismo Coru\u00f1a\" href=\"http:\/\/www.turismocoruna.com\/\" target=\"_blank\" rel=\"noopener\">http:\/\/www.turismocoruna.com<\/a><br \/>\n<strong>Propri\u00e9taire:<\/strong>\u00a0Excmo. Ayuntamiento de A Coru\u00f1a<br \/>\n<strong>Si\u00e8ge Social:<\/strong>\u00a0Plaza de Mar\u00eda Pita, 1. 15001 A Coru\u00f1a. Galicia. Espa\u00f1a. Uni\u00f3n Europea.<strong><br \/>\nT\u00e9l\u00e9phone:<\/strong>\u00a0981 184 200<strong><br \/>\nAdresse E-mail:<\/strong>\u00a0webmaster@coruna.es<br \/>\n<strong>CIF:<\/strong>\u00a0P-1503000J.\n<h3>CONDITIONS G\u00c9N\u00c9RALES D\u00b4UTILIZATION<\/h3>\n<strong>1. CONDITIONS ET LIMITES D\u00b4UTILISATION<\/strong><br \/>\nLa MAIRIE DE LA COROGNE se r\u00e9serve le droit de mettre \u00e0 jour le contenu du site Web et de le supprimer, ainsi que d&rsquo;en limiter et d&#8217;emp\u00eacher l&rsquo;acc\u00e8s, de mani\u00e8re temporaire ou permanente, sans notification pr\u00e9alable. L&rsquo;utilisation de ce site Web attribue la condition d&rsquo;utilisateur du site Web (ci-apr\u00e8s l&rsquo;utilisateur) et implique l&rsquo;acceptation pleine et sans r\u00e9serve de chacune des dispositions incluses dans le pr\u00e9sent avis juridique en m\u00eame temps que l&rsquo;utilisateur acc\u00e8de \u00e0 la page Web. L&rsquo;utilisateur s&rsquo;engage \u00e0 utiliser le site Web, ses contenus et ses services conform\u00e9ment \u00e0 la loi, au pr\u00e9sent avis juridique, aux conditions particuli\u00e8res de certains services et aux autres avis, r\u00e8glements d&rsquo;utilisation et instructions qui lui sont port\u00e9s \u00e0 la connaissance, ainsi qu&rsquo;avec les m\u0153urs et bonnes mani\u00e8res accept\u00e9es et ordre public. \u00c0 cette fin, l&rsquo;Utilisateur s&rsquo;interdit d&rsquo;utiliser l&rsquo;un quelconque des services \u00e0 des fins ill\u00e9gales, interdites et pr\u00e9judiciables ou aux effets des droits et int\u00e9r\u00eats de tiers.\n<strong>2. LIMITATIONS DE RESPONSABILIT\u00c9<\/strong><br \/>\nLa responsabilit\u00e9 de l&rsquo;utilisation des informations contenues dans le site appartient \u00e0 l&rsquo;Utilisateur.<br \/>\n<strong>Disponibilit\u00e9 des Services<\/strong><br \/>\nLa MAIRIE DE LA COROGNE ne garantit pas que ses pages soient op\u00e9rationnelles, ni que leur contenu soit complet, exact ou fiable \u00e0 tout moment. La MAIRIE DE LA CORU\u00d1A se r\u00e9serve le droit de modifier \u00e0 tout moment, sans pr\u00e9avis, le contenu de ce site web et les Conditions G\u00e9n\u00e9rales d&rsquo;Acc\u00e8s. En cas de maintenance, de r\u00e9paration, de mise \u00e0 jour ou d&rsquo;am\u00e9lioration des services, la MAIRIE DE LA COROGNE a le droit de suspendre temporairement l&rsquo;acc\u00e8s \u00e0 ce site Web sans pr\u00e9avis, ainsi que de se r\u00e9server le droit de fournir ou d&rsquo;annuler les services, sans pr\u00e9judice auquel il s&rsquo;efforcera de le faire conna\u00eetre aux utilisateurs, tant que les circonstances le permettront. De cette mani\u00e8re, toute responsabilit\u00e9 pour les dommages de toute nature pouvant r\u00e9sulter du manque de disponibilit\u00e9 ou de continuit\u00e9 du fonctionnement du site Web<br \/>\net de ses services et de l&rsquo;utilit\u00e9 que les utilisateurs auraient pu attribuer \u00e0 ce site Web est exclue.\n<strong>Contenu non g\u00e9r\u00e9 directement par ce site<\/strong><br \/>\nLa MAIRIE DE LA CORU\u00d1A d\u00e9cline toute responsabilit\u00e9 pour les informations contenues dans les pages Web non pr\u00e9par\u00e9es par elle et, en particulier, pour le contenu des liens publi\u00e9s sur sa page Web. La page corporative propose des liens vers d&rsquo;autres sites Web susceptibles de vous int\u00e9resser. Bien que la CONSEIL MUNICIPAL DE LA CORU\u00d1A essaie de s&rsquo;assurer que les sites Web de tiers r\u00e9pondent aux normes appropri\u00e9es en mati\u00e8re de s\u00e9curit\u00e9 et de protection des donn\u00e9es, nous ne pouvons garantir le respect de la r\u00e9glementation en vigueur. La MAIRIE DE LA COROGNE n&rsquo;assume aucune responsabilit\u00e9, m\u00eame indirecte ou subsidiaire, pour les dommages de toute nature pouvant r\u00e9sulter de l&rsquo;acc\u00e8s, de la maintenance, de l&rsquo;utilisation, de la qualit\u00e9, de la l\u00e9galit\u00e9, de la fiabilit\u00e9 et de l&rsquo;utilit\u00e9 des contenus, informations, communications, opinions, d\u00e9clarations, produits et services existants et offerts sur des sites Web non g\u00e9r\u00e9s par cette administration et qui sont accessibles via ce site Web. Cependant, cette administration rel\u00e8ve de la section a) de l&rsquo;article 17 de la loi 34\/2002 du 11 juillet sur les services de la soci\u00e9t\u00e9 de l&rsquo;information et du commerce \u00e9lectronique (LSSICE), puisque cette administration en ce qui concerne les liens fournis sur le Web, n&rsquo;a pas connaissance effective que l&rsquo;activit\u00e9 ou l&rsquo;information \u00e0 laquelle elle se r\u00e9f\u00e8re ou recommande est ill\u00e9gale ou porte atteinte \u00e0 la propri\u00e9t\u00e9 ou aux droits d&rsquo;un tiers passible d&rsquo;indemnisation. La mairie de LA COROGNE est exempte de toute responsabilit\u00e9 pour les dommages et int\u00e9r\u00eats de toute nature qui peuvent d\u00e9river de la collecte et de l&rsquo;utilisation par des tiers des informations et opinions fournies par les utilisateurs de la page web. La mairie de LA COROGNE n&rsquo;est en aucun cas responsable des contenus, informations ou images qui ne d\u00e9pendent pas de la page web, ni ne sont g\u00e9r\u00e9s par la mairie de LA COROGNE.\n<strong>Avis de non-responsabilit\u00e9 concernant l&rsquo;utilisation abusive des m\u00e9thodes d&rsquo;authentification<\/strong><br \/>\nLA MAIRIE DE LA COROGNE n&rsquo;est pas responsable de la mauvaise utilisation du login et du mot de passe ou de toute autre m\u00e9thode d&rsquo;authentification utilis\u00e9e &#8211; certificat num\u00e9rique, etc. &#8211; par les utilisateurs pour acc\u00e9der aux contenus et services qui les requi\u00e8rent et qui sont propos\u00e9s sur la page web, ni des cons\u00e9quences de toute nature d\u00e9riv\u00e9es de la mauvaise utilisation par les utilisateurs, de la perte ou de l&rsquo;oubli du login et du mot de passe ou de toute autre m\u00e9thode d&rsquo;authentification, ni de leur mauvaise utilisation par des tiers non autoris\u00e9s.\n\n","protected":false},"excerpt":{"rendered":"<p>Avis Juridique PROPRI\u00c9T\u00c9 DU SITE WEB Conform\u00e9ment \u00e0 la loi sur les services de la soci\u00e9t\u00e9 de l&rsquo;information et du commerce \u00e9lectronique (LSSICE), loi 34\/2002 du 12 octobre, les informations g\u00e9n\u00e9rales suivantes sur ce site Web sont fournies\u00a0: Domaine:\u00a0http:\/\/www.turismocoruna.com Propri\u00e9taire:\u00a0Excmo. Ayuntamiento de A Coru\u00f1a Si\u00e8ge Social:\u00a0Plaza de Mar\u00eda Pita, 1. 15001 A Coru\u00f1a. Galicia. Espa\u00f1a. [&hellip;]<\/p>\n","protected":false},"author":2,"featured_media":0,"parent":0,"menu_order":0,"comment_status":"closed","ping_status":"closed","template":"","meta":{"site-sidebar-layout":"no-sidebar","site-content-layout":"page-builder","ast-site-content-layout":"default","site-content-style":"default","site-sidebar-style":"default","ast-global-header-display":"","ast-banner-title-visibility":"","ast-main-header-display":"","ast-hfb-above-header-display":"","ast-hfb-below-header-display":"","ast-hfb-mobile-header-display":"","site-post-title":"disabled","ast-breadcrumbs-content":"","ast-featured-img":"disabled","footer-sml-layout":"","theme-transparent-header-meta":"enabled","adv-header-id-meta":"","stick-header-meta":"default","header-above-stick-meta":"","header-main-stick-meta":"","header-below-stick-meta":"","astra-migrate-meta-layouts":"default","ast-page-background-enabled":"default","ast-page-background-meta":{"desktop":{"background-color":"","background-image":"","background-repeat":"repeat","background-position":"center center","background-size":"auto","background-attachment":"scroll","background-type":"","background-media":"","overlay-type":"","overlay-color":"","overlay-opacity":"","overlay-gradient":""},"tablet":{"background-color":"","background-image":"","background-repeat":"repeat","background-position":"center center","background-size":"auto","background-attachment":"scroll","background-type":"","background-media":"","overlay-type":"","overlay-color":"","overlay-opacity":"","overlay-gradient":""},"mobile":{"background-color":"","background-image":"","background-repeat":"repeat","background-position":"center center","background-size":"auto","background-attachment":"scroll","background-type":"","background-media":"","overlay-type":"","overlay-color":"","overlay-opacity":"","overlay-gradient":""}},"ast-content-background-meta":{"desktop":{"background-color":"var(--ast-global-color-5)","background-image":"","background-repeat":"repeat","background-position":"center center","background-size":"auto","background-attachment":"scroll","background-type":"","background-media":"","overlay-type":"","overlay-color":"","overlay-opacity":"","overlay-gradient":""},"tablet":{"background-color":"var(--ast-global-color-5)","background-image":"","background-repeat":"repeat","background-position":"center center","background-size":"auto","background-attachment":"scroll","background-type":"","background-media":"","overlay-type":"","overlay-color":"","overlay-opacity":"","overlay-gradient":""},"mobile":{"background-color":"var(--ast-global-color-5)","background-image":"","background-repeat":"repeat","background-position":"center center","background-size":"auto","background-attachment":"scroll","background-type":"","background-media":"","overlay-type":"","overlay-color":"","overlay-opacity":"","overlay-gradient":""}}},"yoast_head":"<!-- This site is optimized with the Yoast SEO plugin v17.9 - https:\/\/yoast.com\/wordpress\/plugins\/seo\/ -->\n<title>Avis Juridique - Route historique Napol\u00e9on Sir John Moore La Corogne<\/title>\n<meta name=\"robots\" content=\"index, follow, max-snippet:-1, max-image-preview:large, max-video-preview:-1\" \/>\n<link rel=\"canonical\" href=\"https:\/\/napoleon.visitcoruna.com\/fr\/avis-juridique\/\" \/>\n<meta property=\"og:locale\" content=\"fr_FR\" \/>\n<meta property=\"og:type\" content=\"article\" \/>\n<meta property=\"og:title\" content=\"Avis Juridique - Route historique Napol\u00e9on Sir John Moore La Corogne\" \/>\n<meta property=\"og:description\" content=\"Avis Juridique PROPRI\u00c9T\u00c9 DU SITE WEB Conform\u00e9ment \u00e0 la loi sur les services de la soci\u00e9t\u00e9 de l&rsquo;information et du commerce \u00e9lectronique (LSSICE), loi 34\/2002 du 12 octobre, les informations g\u00e9n\u00e9rales suivantes sur ce site Web sont fournies\u00a0: Domaine:\u00a0http:\/\/www.turismocoruna.com Propri\u00e9taire:\u00a0Excmo. Ayuntamiento de A Coru\u00f1a Si\u00e8ge Social:\u00a0Plaza de Mar\u00eda Pita, 1. 15001 A Coru\u00f1a. Galicia. Espa\u00f1a. [&hellip;]\" \/>\n<meta property=\"og:url\" content=\"https:\/\/napoleon.visitcoruna.com\/fr\/avis-juridique\/\" \/>\n<meta property=\"og:site_name\" content=\"Route historique Napol\u00e9on Sir John Moore La Corogne\" \/>\n<meta property=\"article:modified_time\" content=\"2022-01-12T08:52:27+00:00\" \/>\n<meta name=\"twitter:card\" content=\"summary\" \/>\n<meta name=\"twitter:label1\" content=\"Dur\u00e9e de lecture estim\u00e9e\" \/>\n\t<meta name=\"twitter:data1\" content=\"5 minutes\" \/>\n<script type=\"application\/ld+json\" class=\"yoast-schema-graph\">{\"@context\":\"https:\/\/schema.org\",\"@graph\":[{\"@type\":\"WebSite\",\"@id\":\"https:\/\/napoleon.visitcoruna.com\/#website\",\"url\":\"https:\/\/napoleon.visitcoruna.com\/\",\"name\":\"Route historique Napol\\u00e9on Sir John Moore La Corogne\",\"description\":\"Points d'int\\u00e9r\\u00eat touristique \\u00e0 La Corogne \\u00e0 l'\\u00e9poque napol\\u00e9onienne et la guerre d'ind\\u00e9pendance\",\"potentialAction\":[{\"@type\":\"SearchAction\",\"target\":{\"@type\":\"EntryPoint\",\"urlTemplate\":\"https:\/\/napoleon.visitcoruna.com\/?s={search_term_string}\"},\"query-input\":\"required name=search_term_string\"}],\"inLanguage\":\"fr-FR\"},{\"@type\":\"WebPage\",\"@id\":\"https:\/\/napoleon.visitcoruna.com\/fr\/avis-juridique\/#webpage\",\"url\":\"https:\/\/napoleon.visitcoruna.com\/fr\/avis-juridique\/\",\"name\":\"Avis Juridique - Route historique Napol\\u00e9on Sir John Moore La Corogne\",\"isPartOf\":{\"@id\":\"https:\/\/napoleon.visitcoruna.com\/#website\"},\"datePublished\":\"2021-12-07T12:55:08+00:00\",\"dateModified\":\"2022-01-12T08:52:27+00:00\",\"breadcrumb\":{\"@id\":\"https:\/\/napoleon.visitcoruna.com\/fr\/avis-juridique\/#breadcrumb\"},\"inLanguage\":\"fr-FR\",\"potentialAction\":[{\"@type\":\"ReadAction\",\"target\":[\"https:\/\/napoleon.visitcoruna.com\/fr\/avis-juridique\/\"]}]},{\"@type\":\"BreadcrumbList\",\"@id\":\"https:\/\/napoleon.visitcoruna.com\/fr\/avis-juridique\/#breadcrumb\",\"itemListElement\":[{\"@type\":\"ListItem\",\"position\":1,\"name\":\"Portada\",\"item\":\"https:\/\/napoleon.visitcoruna.com\/fr\/\"},{\"@type\":\"ListItem\",\"position\":2,\"name\":\"Avis Juridique\"}]}]}<\/script>\n<!-- \/ Yoast SEO plugin. -->","yoast_head_json":{"title":"Avis Juridique - Route historique Napol\u00e9on Sir John Moore La Corogne","robots":{"index":"index","follow":"follow","max-snippet":"max-snippet:-1","max-image-preview":"max-image-preview:large","max-video-preview":"max-video-preview:-1"},"canonical":"https:\/\/napoleon.visitcoruna.com\/fr\/avis-juridique\/","og_locale":"fr_FR","og_type":"article","og_title":"Avis Juridique - Route historique Napol\u00e9on Sir John Moore La Corogne","og_description":"Avis Juridique PROPRI\u00c9T\u00c9 DU SITE WEB Conform\u00e9ment \u00e0 la loi sur les services de la soci\u00e9t\u00e9 de l&rsquo;information et du commerce \u00e9lectronique (LSSICE), loi 34\/2002 du 12 octobre, les informations g\u00e9n\u00e9rales suivantes sur ce site Web sont fournies\u00a0: Domaine:\u00a0http:\/\/www.turismocoruna.com Propri\u00e9taire:\u00a0Excmo. Ayuntamiento de A Coru\u00f1a Si\u00e8ge Social:\u00a0Plaza de Mar\u00eda Pita, 1. 15001 A Coru\u00f1a. Galicia. Espa\u00f1a. [&hellip;]","og_url":"https:\/\/napoleon.visitcoruna.com\/fr\/avis-juridique\/","og_site_name":"Route historique Napol\u00e9on Sir John Moore La Corogne","article_modified_time":"2022-01-12T08:52:27+00:00","twitter_card":"summary","twitter_misc":{"Dur\u00e9e de lecture estim\u00e9e":"5 minutes"},"schema":{"@context":"https:\/\/schema.org","@graph":[{"@type":"WebSite","@id":"https:\/\/napoleon.visitcoruna.com\/#website","url":"https:\/\/napoleon.visitcoruna.com\/","name":"Route historique Napol\u00e9on Sir John Moore La Corogne","description":"Points d'int\u00e9r\u00eat touristique \u00e0 La Corogne \u00e0 l'\u00e9poque napol\u00e9onienne et la guerre d'ind\u00e9pendance","potentialAction":[{"@type":"SearchAction","target":{"@type":"EntryPoint","urlTemplate":"https:\/\/napoleon.visitcoruna.com\/?s={search_term_string}"},"query-input":"required name=search_term_string"}],"inLanguage":"fr-FR"},{"@type":"WebPage","@id":"https:\/\/napoleon.visitcoruna.com\/fr\/avis-juridique\/#webpage","url":"https:\/\/napoleon.visitcoruna.com\/fr\/avis-juridique\/","name":"Avis Juridique - Route historique Napol\u00e9on Sir John Moore La Corogne","isPartOf":{"@id":"https:\/\/napoleon.visitcoruna.com\/#website"},"datePublished":"2021-12-07T12:55:08+00:00","dateModified":"2022-01-12T08:52:27+00:00","breadcrumb":{"@id":"https:\/\/napoleon.visitcoruna.com\/fr\/avis-juridique\/#breadcrumb"},"inLanguage":"fr-FR","potentialAction":[{"@type":"ReadAction","target":["https:\/\/napoleon.visitcoruna.com\/fr\/avis-juridique\/"]}]},{"@type":"BreadcrumbList","@id":"https:\/\/napoleon.visitcoruna.com\/fr\/avis-juridique\/#breadcrumb","itemListElement":[{"@type":"ListItem","position":1,"name":"Portada","item":"https:\/\/napoleon.visitcoruna.com\/fr\/"},{"@type":"ListItem","position":2,"name":"Avis Juridique"}]}]}},"_links":{"self":[{"href":"https:\/\/napoleon.visitcoruna.com\/fr\/wp-json\/wp\/v2\/pages\/3720"}],"collection":[{"href":"https:\/\/napoleon.visitcoruna.com\/fr\/wp-json\/wp\/v2\/pages"}],"about":[{"href":"https:\/\/napoleon.visitcoruna.com\/fr\/wp-json\/wp\/v2\/types\/page"}],"author":[{"embeddable":true,"href":"https:\/\/napoleon.visitcoruna.com\/fr\/wp-json\/wp\/v2\/users\/2"}],"replies":[{"embeddable":true,"href":"https:\/\/napoleon.visitcoruna.com\/fr\/wp-json\/wp\/v2\/comments?post=3720"}],"version-history":[{"count":0,"href":"https:\/\/napoleon.visitcoruna.com\/fr\/wp-json\/wp\/v2\/pages\/3720\/revisions"}],"wp:attachment":[{"href":"https:\/\/napoleon.visitcoruna.com\/fr\/wp-json\/wp\/v2\/media?parent=3720"}],"curies":[{"name":"wp","href":"https:\/\/api.w.org\/{rel}","templated":true}]}}